{"id":365,"date":"2026-04-14T11:10:19","date_gmt":"2026-04-14T09:10:19","guid":{"rendered":"https:\/\/luciadegaia.com\/avis-legal\/"},"modified":"2026-04-22T13:28:10","modified_gmt":"2026-04-22T11:28:10","slug":"avis-legal","status":"publish","type":"page","link":"https:\/\/luciadegaia.com\/ca\/avis-legal\/","title":{"rendered":"Av\u00eds Legal"},"content":{"rendered":"<h1>Aviso Legal<\/h1>\n<p class=\"titulo-legal\">IDENTIFICACI\u00d3 DEL TITULAR<\/p>\n<p><strong>LUCIA SANTAMARIA VALLE <\/strong>amb domicili social situat al CARRER DE SANT ISIDRE 5 1.1. 08840<strong>\u2013<\/strong>VILADECANS (BARCELONA<strong>) <\/strong>i el CIF de la qual \u00e9s 52203479B. <\/p>\n<p>\u00a0<\/p>\n<p class=\"titulo-legal\">CONDICIONS D&#8217;\u00daS<\/p>\n<p>Mitjan\u00e7ant el web es facilita l&#8217;acc\u00e9s al Portal web per oferir als Usuaris l&#8217;acc\u00e9s general a la informaci\u00f3, activitats, productes i serveis que l&#8217;esmentada entitat ofereix. El fait de connectar-se a aquesta p\u00e0gina web atribueix al navegant la condici\u00f3 d&#8217;Usuari del Lloc, la qual cosa implica l&#8217;acceptaci\u00f3 del present Av\u00eds Legal. Per aix\u00f2, <strong>LUCIA SANTAMARIA VALLE <\/strong>recomana a l&#8217;Usuari llegir-lo cada vegada que accedeixi al Lloc web.  <\/p>\n<p>L&#8217;Usuari es compromet a no utilitzar qualsevol dels continguts que <strong>LUCIA SANTAMARIA VALLE <\/strong>posi a la seva disposici\u00f3 per desenvolupar activitats contr\u00e0ries a les lleis, a la moral o a l&#8217;ordre p\u00fablic i, en general, a fer-ne un \u00fas conforme a les presents condicions; i respondr\u00e0 davant de <strong>LUCIA SANTAMARIA VALLE <\/strong>i\/o davant de tercers, de qualsevol dany i perjudici que es pugui causar com a conseq\u00fc\u00e8ncia de l&#8217;incompliment d&#8217;aquesta obligaci\u00f3. Qui utilitza aquest lloc web, ho fa per la seva pr\u00f2pia responsabilitat. <strong>LUCIA SANTAMARIA VALLE <\/strong>es reserva el dret a interrompre l&#8217;acc\u00e9s al seu Lloc web, a serveis i continguts del Portal, de manera temporal o definitiva, quan aix\u00ed ho estimi convenient i sense previ av\u00eds, ja sigui per motius t\u00e8cnics, de seguretat, de control, de manteniment, per fallades de subministrament el\u00e8ctric o per qualsevol altra causa. <strong>LUCIA SANTAMARIA VALLE <\/strong>es reserva el dret a alterar, en qualsevol moment i sense previ av\u00eds, la configuraci\u00f3, presentaci\u00f3 o el disseny, del seu web, aix\u00ed com alguns o tots els continguts, i modificar les condicions d&#8217;\u00fas exposades en aquest Av\u00eds Legal. <\/p>\n<p>\u00a0<\/p>\n<p>POL\u00cdTICA DE PRIVACITAT I PROTECCI\u00d3 DE DADES<\/p>\n<p>Totes les dades de car\u00e0cter personal que siguin facilitades per l&#8217;Usuari a trav\u00e9s de l&#8217;enviament d&#8217;un correu electr\u00f2nic seran tractades amb estricta confidencialitat d&#8217;acord amb la Llei Org\u00e0nica 15\/1999, de 13 de desembre, de Protecci\u00f3 de Dades de car\u00e0cter personal. De manera expressa, l&#8217;Usuari queda informat que aquestes seran incorporades a fitxers existents a <strong>LUCIA SANTAMARIA VALLE <\/strong>i que t\u00e9 dret d&#8217;acc\u00e9s, rectificaci\u00f3, cancel\u00b7laci\u00f3 i oposici\u00f3 d&#8217;aquestes, i pot exercir tals drets enviant per escrit una sol\u00b7licitud a l&#8217;adre\u00e7a de <strong>LUCIA SANTAMARIA VALLE<\/strong>, en la qual consti el fitxer o fitxers a consultar. Mitjan\u00e7ant l&#8217;enviament d&#8217;un missatge de correu electr\u00f2nic per part de l&#8217;Usuari, el remitent presta el seu consentiment al tractament automatitzat de les dades incloses en aquest. Les dades que es facilitin s&#8217;utilitzaran per a fins comercials, i els seus destinataris seran els serveis administratius, comercials i t\u00e8cnics de <strong>LUCIA SANTAMARIA VALLE <\/strong>adoptar\u00e0 les mesures necess\u00e0ries per evitar l&#8217;alteraci\u00f3, tractament, p\u00e8rdua o acc\u00e9s no autoritzat de les dades de car\u00e0cter personal, tenint en compte l&#8217;estat de la tecnologia, la naturalesa de les dades emmagatzemades i els riscos a qu\u00e8 estan exposades, en vista del compliment de la seva obligaci\u00f3 de secret i del seu deure de cust\u00f2dia d&#8217;aquestes.   <\/p>\n<p>D&#8217;igual manera, <strong>LUCIA SANTAMARIA VALLE <\/strong>queda autoritzada per enviar a l&#8217;Usuari informacions comercials i t\u00e8cniques dels seus productes. En el cas de comunicacions comercials i t\u00e8cniques enviades a trav\u00e9s de correu electr\u00f2nic o mitj\u00e0 equivalent, l&#8217;Usuari ens presta el seu consentiment expressat per a l&#8217;enviament de publicitat per aquest mitj\u00e0.  <\/p>\n<p class=\"titulo-legal\">RESPONSABILITAT<\/p>\n<p><strong>LUCIA SANTAMARIA VALLE <\/strong>no es responsabilitza de la mala utilitzaci\u00f3 que per part dels Usuaris d&#8217;Internet facin dels continguts de la p\u00e0gina web, i l&#8217;Usuari \u00e9s l&#8217;\u00fanic responsable de les infraccions en qu\u00e8 pugui inc\u00f3rrer. De la mateixa manera, rebutja la responsabilitat sobre qualsevol informaci\u00f3 no continguda en aquestes p\u00e0gines web i, per tant, no elaborada per <strong>LUCIA SANTAMARIA VALLE <\/strong>o no publicada amb el seu nom. <strong>LUCIA SANTAMARIA VALLE <\/strong>no ser\u00e0 responsable en cas que existeixin interrupcions del servei, demora, errors, mal funcionament d&#8217;aquest i, en general, altres inconvenients que tinguin el seu origen en causes que escapen del control de <strong>LUCIA SANTAMARIA VALLE<\/strong>, i\/o deguda a una actuaci\u00f3 dolosa o culposa de l&#8217;Usuari i\/o tingui per origen causes de for\u00e7a mayor. Sense perjudici del que estableix l&#8217;article 1105 del Codi Civil, s&#8217;entendran per causes de for\u00e7a major, a m\u00e9s, i als efectes de les presents condicions generals, tots aquells esdeveniments esdevinguts fora del control de <strong>LUCIA SANTAMARIA VALLE<\/strong>, com ara: fallada de tercers, operadors o companyies de serveis, actes de Govern, falta d&#8217;acc\u00e9s a xarxes de tercers, actes o omissions de les autoritats p\u00fabliques, aquells altres produ\u00efts com a conseq\u00fc\u00e8ncia de fen\u00f2mens naturals, apagades, etc. i l&#8217;atac de Hackers, o tercers especialitzats, a la seguretat o integritat del sistema inform\u00e0tic, sempre que <strong>LUCIA SANTAMARIA VALLE <\/strong>hagi adoptat totes les mesures de seguretat existents d&#8217;acord amb l&#8217;estat de la t\u00e8cnica. En qualsevol cas, sigui quina sigui la seva causa, <strong>LUCIA SANTAMARIA VALLE <\/strong>no assumir\u00e0 cap responsabilitat ja sigui per danys directes o indirectes, dany emergent i\/o per lucre cessant. <strong>LUCIA SANTAMARIA VALLE <\/strong>tindr\u00e0 dret, sin que existeixi cap indemnitzaci\u00f3 a l&#8217;Usuari per aquests conceptes, a suspendre temporalment els serveis i continguts del Lloc web per efectuar operacions de manteniment, millora o reparaci\u00f3 d&#8217;aquests.   <\/p>\n<p><strong>LUCIA SANTAMARIA VALLE <\/strong>no ser\u00e0 responsable de possibles danys i perjudicis que se puguin derivar en els equips dels Usuaris per possibles virus inform\u00e0tics contrets per l&#8217;Usuari a causa de la seva navegaci\u00f3 al Lloc web, o per qualsevol altre dany derivat d&#8217;aquesta navegaci\u00f3.<\/p>\n<p><strong>LUCIA SANTAMARIA VALLE <\/strong>no es fa responsable de la veracitat, falta d&#8217;utilitat o adequaci\u00f3 per a un \u00fas espec\u00edfic del present Lloc web ni dels continguts; de la p\u00e8rdua de dades o serveis com a conseq\u00fc\u00e8ncia de qualsevol retard, falta de lliurament, lliurament incorrecte dels productes exposats o interrupci\u00f3 del servei; de l&#8217;exactitud, qualitat o naturalesa de la informaci\u00f3 obtinguda a trav\u00e9s dels seus continguts.<\/p>\n<p>En qualsevol cas, la informaci\u00f3 proporcionada en aquest Lloc web est\u00e0 dirigida a complementar i no a reempla\u00e7ar l&#8217;assessorament que en tot cas s&#8217;ha d&#8217;obtenir directament de professionals competents.<\/p>\n<p>\u00a0<\/p>\n<p class=\"titulo-legal\">JURISDICCI\u00d3 I LLEI APLICABLE.<\/p>\n<p>Per a qualsevol controv\u00e8rsia relacionada amb el present av\u00eds legal les parts accepten la submissi\u00f3 expressa als jutjats del domicili fiscal de <strong>LUCIA SANTAMARIA VALLE<\/strong>(Espanya) i la legislaci\u00f3 estatal i auton\u00f2mica corresponent.<\/p>","protected":false},"excerpt":{"rendered":"<p>Aviso Legal IDENTIFICACI\u00d3 DEL TITULAR LUCIA SANTAMARIA VALLE amb domicili social situat al CARRER DE SANT ISIDRE 5 1.1. 08840\u2013VILADECANS (BARCELONA) i el CIF de la qual \u00e9s 52203479B. \u00a0 CONDICIONS D&#8217;\u00daS Mitjan\u00e7ant el web es facilita l&#8217;acc\u00e9s al Portal web per oferir als Usuaris l&#8217;acc\u00e9s general a la informaci\u00f3, activitats, productes i serveis que [&hellip;]<\/p>\n","protected":false},"author":1,"featured_media":0,"parent":0,"menu_order":0,"comment_status":"closed","ping_status":"closed","template":"","meta":{"footnotes":""},"class_list":["post-365","page","type-page","status-publish","hentry"],"yoast_head":"<!-- This site is optimized with the Yoast SEO plugin v27.4 - https:\/\/yoast.com\/product\/yoast-seo-wordpress\/ -->\n<title>Av\u00eds Legal - Terapeuta Viladecans | Luc\u00eda De Gaia<\/title>\n<meta name=\"robots\" content=\"index, follow, max-snippet:-1, max-image-preview:large, max-video-preview:-1\" \/>\n<link rel=\"canonical\" href=\"https:\/\/luciadegaia.com\/ca\/avis-legal\/\" \/>\n<meta property=\"og:locale\" content=\"ca_ES\" \/>\n<meta property=\"og:type\" content=\"article\" \/>\n<meta property=\"og:title\" content=\"Av\u00eds Legal - Terapeuta Viladecans | Luc\u00eda De Gaia\" \/>\n<meta property=\"og:description\" content=\"Aviso Legal IDENTIFICACI\u00d3 DEL TITULAR LUCIA SANTAMARIA VALLE amb domicili social situat al CARRER DE SANT ISIDRE 5 1.1. 08840\u2013VILADECANS (BARCELONA) i el CIF de la qual \u00e9s 52203479B. \u00a0 CONDICIONS D&#8217;\u00daS Mitjan\u00e7ant el web es facilita l&#8217;acc\u00e9s al Portal web per oferir als Usuaris l&#8217;acc\u00e9s general a la informaci\u00f3, activitats, productes i serveis que [&hellip;]\" \/>\n<meta property=\"og:url\" content=\"https:\/\/luciadegaia.com\/ca\/avis-legal\/\" \/>\n<meta property=\"og:site_name\" content=\"Terapeuta Viladecans | Luc\u00eda De Gaia\" \/>\n<meta property=\"article:modified_time\" content=\"2026-04-22T11:28:10+00:00\" \/>\n<meta name=\"twitter:card\" content=\"summary_large_image\" \/>\n<meta name=\"twitter:label1\" content=\"Temps estimat de lectura\" \/>\n\t<meta name=\"twitter:data1\" content=\"5 minuts\" \/>\n<script type=\"application\/ld+json\" class=\"yoast-schema-graph\">{\"@context\":\"https:\\\/\\\/schema.org\",\"@graph\":[{\"@type\":\"WebPage\",\"@id\":\"https:\\\/\\\/luciadegaia.com\\\/ca\\\/avis-legal\\\/\",\"url\":\"https:\\\/\\\/luciadegaia.com\\\/ca\\\/avis-legal\\\/\",\"name\":\"Av\u00eds Legal - Terapeuta Viladecans | Luc\u00eda De Gaia\",\"isPartOf\":{\"@id\":\"https:\\\/\\\/luciadegaia.com\\\/ca\\\/#website\"},\"datePublished\":\"2026-04-14T09:10:19+00:00\",\"dateModified\":\"2026-04-22T11:28:10+00:00\",\"breadcrumb\":{\"@id\":\"https:\\\/\\\/luciadegaia.com\\\/ca\\\/avis-legal\\\/#breadcrumb\"},\"inLanguage\":\"ca\",\"potentialAction\":[{\"@type\":\"ReadAction\",\"target\":[\"https:\\\/\\\/luciadegaia.com\\\/ca\\\/avis-legal\\\/\"]}]},{\"@type\":\"BreadcrumbList\",\"@id\":\"https:\\\/\\\/luciadegaia.com\\\/ca\\\/avis-legal\\\/#breadcrumb\",\"itemListElement\":[{\"@type\":\"ListItem\",\"position\":1,\"name\":\"Portada\",\"item\":\"https:\\\/\\\/luciadegaia.com\\\/ca\\\/\"},{\"@type\":\"ListItem\",\"position\":2,\"name\":\"Av\u00eds Legal\"}]},{\"@type\":\"WebSite\",\"@id\":\"https:\\\/\\\/luciadegaia.com\\\/ca\\\/#website\",\"url\":\"https:\\\/\\\/luciadegaia.com\\\/ca\\\/\",\"name\":\"Terapeuta Viladecans | Luc\u00eda De Gaia\",\"description\":\"\u00bfBuscas terapeuta en Viladecans? \u00a1Puedo ayudarte! Soy Luc\u00eda Santamar\u00eda y llevo m\u00e1s de dos d\u00e9cadas aplicando terapias manuales focalizadas. \u00a1Cont\u00e1ctame e inf\u00f3rmate!\",\"potentialAction\":[{\"@type\":\"SearchAction\",\"target\":{\"@type\":\"EntryPoint\",\"urlTemplate\":\"https:\\\/\\\/luciadegaia.com\\\/ca\\\/?s={search_term_string}\"},\"query-input\":{\"@type\":\"PropertyValueSpecification\",\"valueRequired\":true,\"valueName\":\"search_term_string\"}}],\"inLanguage\":\"ca\"}]}<\/script>\n<!-- \/ Yoast SEO plugin. -->","yoast_head_json":{"title":"Av\u00eds Legal - Terapeuta Viladecans | Luc\u00eda De Gaia","robots":{"index":"index","follow":"follow","max-snippet":"max-snippet:-1","max-image-preview":"max-image-preview:large","max-video-preview":"max-video-preview:-1"},"canonical":"https:\/\/luciadegaia.com\/ca\/avis-legal\/","og_locale":"ca_ES","og_type":"article","og_title":"Av\u00eds Legal - Terapeuta Viladecans | Luc\u00eda De Gaia","og_description":"Aviso Legal IDENTIFICACI\u00d3 DEL TITULAR LUCIA SANTAMARIA VALLE amb domicili social situat al CARRER DE SANT ISIDRE 5 1.1. 08840\u2013VILADECANS (BARCELONA) i el CIF de la qual \u00e9s 52203479B. \u00a0 CONDICIONS D&#8217;\u00daS Mitjan\u00e7ant el web es facilita l&#8217;acc\u00e9s al Portal web per oferir als Usuaris l&#8217;acc\u00e9s general a la informaci\u00f3, activitats, productes i serveis que [&hellip;]","og_url":"https:\/\/luciadegaia.com\/ca\/avis-legal\/","og_site_name":"Terapeuta Viladecans | Luc\u00eda De Gaia","article_modified_time":"2026-04-22T11:28:10+00:00","twitter_card":"summary_large_image","twitter_misc":{"Temps estimat de lectura":"5 minuts"},"schema":{"@context":"https:\/\/schema.org","@graph":[{"@type":"WebPage","@id":"https:\/\/luciadegaia.com\/ca\/avis-legal\/","url":"https:\/\/luciadegaia.com\/ca\/avis-legal\/","name":"Av\u00eds Legal - Terapeuta Viladecans | Luc\u00eda De Gaia","isPartOf":{"@id":"https:\/\/luciadegaia.com\/ca\/#website"},"datePublished":"2026-04-14T09:10:19+00:00","dateModified":"2026-04-22T11:28:10+00:00","breadcrumb":{"@id":"https:\/\/luciadegaia.com\/ca\/avis-legal\/#breadcrumb"},"inLanguage":"ca","potentialAction":[{"@type":"ReadAction","target":["https:\/\/luciadegaia.com\/ca\/avis-legal\/"]}]},{"@type":"BreadcrumbList","@id":"https:\/\/luciadegaia.com\/ca\/avis-legal\/#breadcrumb","itemListElement":[{"@type":"ListItem","position":1,"name":"Portada","item":"https:\/\/luciadegaia.com\/ca\/"},{"@type":"ListItem","position":2,"name":"Av\u00eds Legal"}]},{"@type":"WebSite","@id":"https:\/\/luciadegaia.com\/ca\/#website","url":"https:\/\/luciadegaia.com\/ca\/","name":"Terapeuta Viladecans | Luc\u00eda De Gaia","description":"\u00bfBuscas terapeuta en Viladecans? \u00a1Puedo ayudarte! Soy Luc\u00eda Santamar\u00eda y llevo m\u00e1s de dos d\u00e9cadas aplicando terapias manuales focalizadas. \u00a1Cont\u00e1ctame e inf\u00f3rmate!","potentialAction":[{"@type":"SearchAction","target":{"@type":"EntryPoint","urlTemplate":"https:\/\/luciadegaia.com\/ca\/?s={search_term_string}"},"query-input":{"@type":"PropertyValueSpecification","valueRequired":true,"valueName":"search_term_string"}}],"inLanguage":"ca"}]}},"_links":{"self":[{"href":"https:\/\/luciadegaia.com\/ca\/wp-json\/wp\/v2\/pages\/365","targetHints":{"allow":["GET"]}}],"collection":[{"href":"https:\/\/luciadegaia.com\/ca\/wp-json\/wp\/v2\/pages"}],"about":[{"href":"https:\/\/luciadegaia.com\/ca\/wp-json\/wp\/v2\/types\/page"}],"author":[{"embeddable":true,"href":"https:\/\/luciadegaia.com\/ca\/wp-json\/wp\/v2\/users\/1"}],"replies":[{"embeddable":true,"href":"https:\/\/luciadegaia.com\/ca\/wp-json\/wp\/v2\/comments?post=365"}],"version-history":[{"count":1,"href":"https:\/\/luciadegaia.com\/ca\/wp-json\/wp\/v2\/pages\/365\/revisions"}],"predecessor-version":[{"id":366,"href":"https:\/\/luciadegaia.com\/ca\/wp-json\/wp\/v2\/pages\/365\/revisions\/366"}],"wp:attachment":[{"href":"https:\/\/luciadegaia.com\/ca\/wp-json\/wp\/v2\/media?parent=365"}],"curies":[{"name":"wp","href":"https:\/\/api.w.org\/{rel}","templated":true}]}}