{"id":356,"date":"2026-04-14T10:51:27","date_gmt":"2026-04-14T08:51:27","guid":{"rendered":"https:\/\/luciadegaia.com\/inici\/"},"modified":"2026-04-22T13:37:58","modified_gmt":"2026-04-22T11:37:58","slug":"inici","status":"publish","type":"page","link":"https:\/\/luciadegaia.com\/ca\/","title":{"rendered":"Inici"},"content":{"rendered":"Descobreix els beneficis de la ter\u00e0pia manual\n\n<h1 class=\"wp-block-heading\">La teva terapeuta a Viladecans<\/h1>\n\n\u00bfBusques <strong>terapeuta a Viladecans<\/strong>? Hola! Soc Luc\u00eda Santamar\u00eda i fa m\u00e9s de dues d\u00e8cades que aplico ter\u00e0pies manuals focalitzades. El meu gran objectiu \u00e9s ajudar les persones a eliminar, alleujar i prevenir dol\u00e8ncies f\u00edsiques, i millorar aix\u00ed la seva qualitat de vida, salut i benestar. Per a aix\u00f2, aplico una gran varietat de tractaments osteop\u00e0tics i t\u00e8cniques terap\u00e8utiques que ofereixen uns resultats acreditats. Contacta&#8217;m i t&#8217;explicar\u00e9 m\u00e9s detalladament com treballo amb els meus pacients!\n\n<h2 class=\"wp-block-heading\"><span style=\"color: #3d5577;\">Coneix la meva formaci\u00f3<\/span><\/h2>\n\nSoc una <strong>oste\u00f2pata titulada<\/strong> i tamb\u00e9 soc t\u00e8cnica en Comportament Postural Vital (CPV), una disciplina clau per a la correcci\u00f3 dels h\u00e0bits posturals inadequats que s\u00f3n l&#8217;origen de moltes de les lesions i mol\u00e8sties f\u00edsiques que patim.\n\nAix\u00ed mateix, estic formada en quiromassatge, shiatsu, massatge esportiu, reflexoter\u00e0pia i drenatge limf\u00e0tic. Mentre que com a t\u00e8cniques complement\u00e0ries puc aplicar Taping Neuro Muscular (TNM), acupuntura zonal, ventoses, aromater\u00e0pia&#8230; No dubtis a comptar amb mi si vols millorar la teva qualitat de vida! <strong>Truca&#8217;m<\/strong>, estar\u00e9 encantada d&#8217;atendre&#8217;t!\n\n<h2 class=\"wp-block-heading\">Coneix els tractaments que ofereixo<\/h2>\n\nFaig <strong>tractaments d&#8217;osteopatia<\/strong>, treballo el comportament postural i tamb\u00e9 aplico m\u00faltiples t\u00e8cniques que van des del quiromassatge fins al TNM. I a m\u00e9s realitzo tractaments en l\u00ednia. Contacta&#8217;m i t&#8217;informar\u00e9 amb m\u00e9s detall sobre com s\u00f3n aquestes sessions!\n\nSi busques una terapeuta manual no dubtis a comptar amb mi. <strong>Truca&#8217;m<\/strong>, puc atendre&#8217;t presencialment a Viladecans o en remot per videotrucada si no pots venir!","protected":false},"excerpt":{"rendered":"<p>Descobreix els beneficis de la ter\u00e0pia manual La teva terapeuta a Viladecans \u00bfBusques terapeuta a Viladecans? Hola! Soc Luc\u00eda Santamar\u00eda i fa m\u00e9s de dues d\u00e8cades que aplico ter\u00e0pies manuals focalitzades. El meu gran objectiu \u00e9s ajudar les persones a eliminar, alleujar i prevenir dol\u00e8ncies f\u00edsiques, i millorar aix\u00ed la seva qualitat de vida, salut [&hellip;]<\/p>\n","protected":false},"author":1,"featured_media":0,"parent":0,"menu_order":0,"comment_status":"closed","ping_status":"closed","template":"","meta":{"footnotes":""},"class_list":["post-356","page","type-page","status-publish","hentry"],"yoast_head":"<!-- This site is optimized with the Yoast SEO plugin v27.4 - https:\/\/yoast.com\/product\/yoast-seo-wordpress\/ -->\n<title>Terapeuta Viladecans | Luc\u00eda De Gaia<\/title>\n<meta name=\"description\" content=\"\u00bfBusques terapeuta a Viladecans? Puc ajudar-te! Soc Luc\u00eda Santamar\u00eda i fa m\u00e9s de dues d\u00e8cades que aplico ter\u00e0pies manuals focalitzades. Contacta&#039;m i informa&#039;t!\" \/>\n<meta name=\"robots\" content=\"index, follow, max-snippet:-1, max-image-preview:large, max-video-preview:-1\" \/>\n<link rel=\"canonical\" href=\"https:\/\/luciadegaia.com\/ca\/\" \/>\n<meta property=\"og:locale\" content=\"ca_ES\" \/>\n<meta property=\"og:type\" content=\"article\" \/>\n<meta property=\"og:title\" content=\"Terapeuta Viladecans | Luc\u00eda De Gaia\" \/>\n<meta property=\"og:description\" content=\"\u00bfBusques terapeuta a Viladecans? Puc ajudar-te! Soc Luc\u00eda Santamar\u00eda i fa m\u00e9s de dues d\u00e8cades que aplico ter\u00e0pies manuals focalitzades. Contacta&#039;m i informa&#039;t!\" \/>\n<meta property=\"og:url\" content=\"https:\/\/luciadegaia.com\/ca\/\" \/>\n<meta property=\"og:site_name\" content=\"Terapeuta Viladecans | Luc\u00eda De Gaia\" \/>\n<meta property=\"article:modified_time\" content=\"2026-04-22T11:37:58+00:00\" \/>\n<meta name=\"twitter:card\" content=\"summary_large_image\" \/>\n<meta name=\"twitter:label1\" content=\"Temps estimat de lectura\" \/>\n\t<meta name=\"twitter:data1\" content=\"1 minut\" \/>\n<script type=\"application\/ld+json\" class=\"yoast-schema-graph\">{\"@context\":\"https:\\\/\\\/schema.org\",\"@graph\":[{\"@type\":\"WebPage\",\"@id\":\"https:\\\/\\\/luciadegaia.com\\\/ca\\\/\",\"url\":\"https:\\\/\\\/luciadegaia.com\\\/ca\\\/\",\"name\":\"Terapeuta Viladecans | Luc\u00eda De Gaia\",\"isPartOf\":{\"@id\":\"https:\\\/\\\/luciadegaia.com\\\/ca\\\/#website\"},\"datePublished\":\"2026-04-14T08:51:27+00:00\",\"dateModified\":\"2026-04-22T11:37:58+00:00\",\"description\":\"\u00bfBusques terapeuta a Viladecans? Puc ajudar-te! Soc Luc\u00eda Santamar\u00eda i fa m\u00e9s de dues d\u00e8cades que aplico ter\u00e0pies manuals focalitzades. Contacta'm i informa't!\",\"breadcrumb\":{\"@id\":\"https:\\\/\\\/luciadegaia.com\\\/ca\\\/#breadcrumb\"},\"inLanguage\":\"ca\",\"potentialAction\":[{\"@type\":\"ReadAction\",\"target\":[\"https:\\\/\\\/luciadegaia.com\\\/ca\\\/\"]}]},{\"@type\":\"BreadcrumbList\",\"@id\":\"https:\\\/\\\/luciadegaia.com\\\/ca\\\/#breadcrumb\",\"itemListElement\":[{\"@type\":\"ListItem\",\"position\":1,\"name\":\"Portada\",\"item\":\"https:\\\/\\\/luciadegaia.com\\\/ca\\\/\"},{\"@type\":\"ListItem\",\"position\":2,\"name\":\"Inici\"}]},{\"@type\":\"WebSite\",\"@id\":\"https:\\\/\\\/luciadegaia.com\\\/ca\\\/#website\",\"url\":\"https:\\\/\\\/luciadegaia.com\\\/ca\\\/\",\"name\":\"Terapeuta Viladecans | Luc\u00eda De Gaia\",\"description\":\"\u00bfBuscas terapeuta en Viladecans? \u00a1Puedo ayudarte! Soy Luc\u00eda Santamar\u00eda y llevo m\u00e1s de dos d\u00e9cadas aplicando terapias manuales focalizadas. \u00a1Cont\u00e1ctame e inf\u00f3rmate!\",\"potentialAction\":[{\"@type\":\"SearchAction\",\"target\":{\"@type\":\"EntryPoint\",\"urlTemplate\":\"https:\\\/\\\/luciadegaia.com\\\/ca\\\/?s={search_term_string}\"},\"query-input\":{\"@type\":\"PropertyValueSpecification\",\"valueRequired\":true,\"valueName\":\"search_term_string\"}}],\"inLanguage\":\"ca\"}]}<\/script>\n<!-- \/ Yoast SEO plugin. -->","yoast_head_json":{"title":"Terapeuta Viladecans | Luc\u00eda De Gaia","description":"\u00bfBusques terapeuta a Viladecans? Puc ajudar-te! Soc Luc\u00eda Santamar\u00eda i fa m\u00e9s de dues d\u00e8cades que aplico ter\u00e0pies manuals focalitzades. Contacta'm i informa't!","robots":{"index":"index","follow":"follow","max-snippet":"max-snippet:-1","max-image-preview":"max-image-preview:large","max-video-preview":"max-video-preview:-1"},"canonical":"https:\/\/luciadegaia.com\/ca\/","og_locale":"ca_ES","og_type":"article","og_title":"Terapeuta Viladecans | Luc\u00eda De Gaia","og_description":"\u00bfBusques terapeuta a Viladecans? Puc ajudar-te! Soc Luc\u00eda Santamar\u00eda i fa m\u00e9s de dues d\u00e8cades que aplico ter\u00e0pies manuals focalitzades. Contacta'm i informa't!","og_url":"https:\/\/luciadegaia.com\/ca\/","og_site_name":"Terapeuta Viladecans | Luc\u00eda De Gaia","article_modified_time":"2026-04-22T11:37:58+00:00","twitter_card":"summary_large_image","twitter_misc":{"Temps estimat de lectura":"1 minut"},"schema":{"@context":"https:\/\/schema.org","@graph":[{"@type":"WebPage","@id":"https:\/\/luciadegaia.com\/ca\/","url":"https:\/\/luciadegaia.com\/ca\/","name":"Terapeuta Viladecans | Luc\u00eda De Gaia","isPartOf":{"@id":"https:\/\/luciadegaia.com\/ca\/#website"},"datePublished":"2026-04-14T08:51:27+00:00","dateModified":"2026-04-22T11:37:58+00:00","description":"\u00bfBusques terapeuta a Viladecans? Puc ajudar-te! Soc Luc\u00eda Santamar\u00eda i fa m\u00e9s de dues d\u00e8cades que aplico ter\u00e0pies manuals focalitzades. Contacta'm i informa't!","breadcrumb":{"@id":"https:\/\/luciadegaia.com\/ca\/#breadcrumb"},"inLanguage":"ca","potentialAction":[{"@type":"ReadAction","target":["https:\/\/luciadegaia.com\/ca\/"]}]},{"@type":"BreadcrumbList","@id":"https:\/\/luciadegaia.com\/ca\/#breadcrumb","itemListElement":[{"@type":"ListItem","position":1,"name":"Portada","item":"https:\/\/luciadegaia.com\/ca\/"},{"@type":"ListItem","position":2,"name":"Inici"}]},{"@type":"WebSite","@id":"https:\/\/luciadegaia.com\/ca\/#website","url":"https:\/\/luciadegaia.com\/ca\/","name":"Terapeuta Viladecans | Luc\u00eda De Gaia","description":"\u00bfBuscas terapeuta en Viladecans? \u00a1Puedo ayudarte! Soy Luc\u00eda Santamar\u00eda y llevo m\u00e1s de dos d\u00e9cadas aplicando terapias manuales focalizadas. \u00a1Cont\u00e1ctame e inf\u00f3rmate!","potentialAction":[{"@type":"SearchAction","target":{"@type":"EntryPoint","urlTemplate":"https:\/\/luciadegaia.com\/ca\/?s={search_term_string}"},"query-input":{"@type":"PropertyValueSpecification","valueRequired":true,"valueName":"search_term_string"}}],"inLanguage":"ca"}]}},"_links":{"self":[{"href":"https:\/\/luciadegaia.com\/ca\/wp-json\/wp\/v2\/pages\/356","targetHints":{"allow":["GET"]}}],"collection":[{"href":"https:\/\/luciadegaia.com\/ca\/wp-json\/wp\/v2\/pages"}],"about":[{"href":"https:\/\/luciadegaia.com\/ca\/wp-json\/wp\/v2\/types\/page"}],"author":[{"embeddable":true,"href":"https:\/\/luciadegaia.com\/ca\/wp-json\/wp\/v2\/users\/1"}],"replies":[{"embeddable":true,"href":"https:\/\/luciadegaia.com\/ca\/wp-json\/wp\/v2\/comments?post=356"}],"version-history":[{"count":3,"href":"https:\/\/luciadegaia.com\/ca\/wp-json\/wp\/v2\/pages\/356\/revisions"}],"predecessor-version":[{"id":379,"href":"https:\/\/luciadegaia.com\/ca\/wp-json\/wp\/v2\/pages\/356\/revisions\/379"}],"wp:attachment":[{"href":"https:\/\/luciadegaia.com\/ca\/wp-json\/wp\/v2\/media?parent=356"}],"curies":[{"name":"wp","href":"https:\/\/api.w.org\/{rel}","templated":true}]}}