{"id":350,"date":"2026-04-14T11:02:24","date_gmt":"2026-04-14T09:02:24","guid":{"rendered":"https:\/\/luciadegaia.com\/tractaments\/"},"modified":"2026-04-22T13:27:42","modified_gmt":"2026-04-22T11:27:42","slug":"tractaments","status":"publish","type":"page","link":"https:\/\/luciadegaia.com\/ca\/tractaments\/","title":{"rendered":"Tractaments"},"content":{"rendered":"Conoce los tratamientos que realizo<h1 class=\"wp-block-heading\">Experta en osteopatia<\/h1>\u00bfBuscas especialistas en <strong>osteopat\u00eda en Viladecans<\/strong>? Yo soy una oste\u00f3pata titulada con 20 a\u00f1os de experiencia en tratamientos manuales. As\u00ed, he aplicado a infinidad de pacientes esta t\u00e9cnica totalmente segura y de eficacia comprobada que aborda la salud de la personas en su globalidad. Trabajo para aliviar dolencias, eliminar molestias y mejorar la movilidad, mediante unos <strong>tratamientos oste\u00f3patas<\/strong> que ofrecen unos excelentes resultados para infinidad de patolog\u00edas, funcionan tambi\u00e9n muy bien a nivel preventivo y adem\u00e1s permiten seguir la evoluci\u00f3n de la motricidad infantil. \u00a1Ll\u00e1mame e inf\u00f3rmate m\u00e1s en detalle sobre todos los beneficios de la osteopat\u00eda!<h2 class=\"wp-block-heading\"><span style=\"color: #3d5577;\">Comportament Postural Vital<\/span><\/h2>El CPV es una t\u00e9cnica enfocada a modificar los <strong>malos h\u00e1bitos posturales<\/strong> que provocan lesiones, molestias y dolores. Con base a los principios de Comportamiento Postural Vital ayudo a mis pacientes primero a ser conscientes e identificar las tensiones f\u00edsicas que padecen, y despu\u00e9s a aplicar las herramientas necesarias para eliminarlas.Adem\u00e1s, este trabajo en la higiene postural no solo tiene un \u00f3ptimo efecto en la eliminaci\u00f3n de dolencias, sino que tambi\u00e9n contribuye a mejorar el <strong>rendimiento f\u00edsico<\/strong>. \u00a1Pide cita para venir a mi consulta en Viladecans y comprobar\u00e1s todos los beneficios de cambiar los malos h\u00e1bitos en tu postura corporal!<h2 class=\"wp-block-heading\">Tractaments oste\u00f2pates i CPV<\/h2>Aunque el Comportamiento Postural Vital es una t\u00e9cnica de la posturolog\u00eda, se <strong>complementa con la osteopat\u00eda <\/strong>para abordar las disfunciones vertebrales y articulares que provocan los problemas de postura.Si buscas especialistas en osteopat\u00eda y comportamiento postural en Viladecans no dudes en confiar en una profesional con m\u00e1s de dos d\u00e9cadas de experiencia. \u00a1<strong>Cont\u00e1ctame<\/strong> y te ayudar\u00e9 a decir adi\u00f3s a tus molestias!","protected":false},"excerpt":{"rendered":"<p>Conoce los tratamientos que realizo Experta en osteopatia \u00bfBuscas especialistas en osteopat\u00eda en Viladecans? Yo soy una oste\u00f3pata titulada con 20 a\u00f1os de experiencia en tratamientos manuales. As\u00ed, he aplicado a infinidad de pacientes esta t\u00e9cnica totalmente segura y de eficacia comprobada que aborda la salud de la personas en su globalidad. Trabajo para aliviar [&hellip;]<\/p>\n","protected":false},"author":1,"featured_media":0,"parent":0,"menu_order":0,"comment_status":"closed","ping_status":"closed","template":"","meta":{"footnotes":""},"class_list":["post-350","page","type-page","status-publish","hentry"],"yoast_head":"<!-- This site is optimized with the Yoast SEO plugin v27.4 - https:\/\/yoast.com\/product\/yoast-seo-wordpress\/ -->\n<title>Osteopatia a Viladecans | Luc\u00eda De Gaia<\/title>\n<meta name=\"description\" content=\"Busques especialistes en osteopatia a Viladecans? S\u00f3c una oste\u00f2pata titulada amb 20 anys d&#039;experi\u00e8ncia en tractaments manuals. Truca&#039;m i informa-te&#039;n!\" \/>\n<meta name=\"robots\" content=\"index, follow, max-snippet:-1, max-image-preview:large, max-video-preview:-1\" \/>\n<link rel=\"canonical\" href=\"https:\/\/luciadegaia.com\/ca\/tractaments\/\" \/>\n<meta property=\"og:locale\" content=\"ca_ES\" \/>\n<meta property=\"og:type\" content=\"article\" \/>\n<meta property=\"og:title\" content=\"Osteopatia a Viladecans | Luc\u00eda De Gaia\" \/>\n<meta property=\"og:description\" content=\"Busques especialistes en osteopatia a Viladecans? S\u00f3c una oste\u00f2pata titulada amb 20 anys d&#039;experi\u00e8ncia en tractaments manuals. Truca&#039;m i informa-te&#039;n!\" \/>\n<meta property=\"og:url\" content=\"https:\/\/luciadegaia.com\/ca\/tractaments\/\" \/>\n<meta property=\"og:site_name\" content=\"Terapeuta Viladecans | Luc\u00eda De Gaia\" \/>\n<meta property=\"article:modified_time\" content=\"2026-04-22T11:27:42+00:00\" \/>\n<meta name=\"twitter:card\" content=\"summary_large_image\" \/>\n<meta name=\"twitter:label1\" content=\"Temps estimat de lectura\" \/>\n\t<meta name=\"twitter:data1\" content=\"2 minuts\" \/>\n<script type=\"application\/ld+json\" class=\"yoast-schema-graph\">{\"@context\":\"https:\\\/\\\/schema.org\",\"@graph\":[{\"@type\":\"WebPage\",\"@id\":\"https:\\\/\\\/luciadegaia.com\\\/ca\\\/tractaments\\\/\",\"url\":\"https:\\\/\\\/luciadegaia.com\\\/ca\\\/tractaments\\\/\",\"name\":\"Osteopatia a Viladecans | Luc\u00eda De Gaia\",\"isPartOf\":{\"@id\":\"https:\\\/\\\/luciadegaia.com\\\/ca\\\/#website\"},\"datePublished\":\"2026-04-14T09:02:24+00:00\",\"dateModified\":\"2026-04-22T11:27:42+00:00\",\"description\":\"Busques especialistes en osteopatia a Viladecans? S\u00f3c una oste\u00f2pata titulada amb 20 anys d'experi\u00e8ncia en tractaments manuals. Truca'm i informa-te'n!\",\"breadcrumb\":{\"@id\":\"https:\\\/\\\/luciadegaia.com\\\/ca\\\/tractaments\\\/#breadcrumb\"},\"inLanguage\":\"ca\",\"potentialAction\":[{\"@type\":\"ReadAction\",\"target\":[\"https:\\\/\\\/luciadegaia.com\\\/ca\\\/tractaments\\\/\"]}]},{\"@type\":\"BreadcrumbList\",\"@id\":\"https:\\\/\\\/luciadegaia.com\\\/ca\\\/tractaments\\\/#breadcrumb\",\"itemListElement\":[{\"@type\":\"ListItem\",\"position\":1,\"name\":\"Portada\",\"item\":\"https:\\\/\\\/luciadegaia.com\\\/ca\\\/\"},{\"@type\":\"ListItem\",\"position\":2,\"name\":\"Tractaments\"}]},{\"@type\":\"WebSite\",\"@id\":\"https:\\\/\\\/luciadegaia.com\\\/ca\\\/#website\",\"url\":\"https:\\\/\\\/luciadegaia.com\\\/ca\\\/\",\"name\":\"Terapeuta Viladecans | Luc\u00eda De Gaia\",\"description\":\"\u00bfBuscas terapeuta en Viladecans? \u00a1Puedo ayudarte! Soy Luc\u00eda Santamar\u00eda y llevo m\u00e1s de dos d\u00e9cadas aplicando terapias manuales focalizadas. \u00a1Cont\u00e1ctame e inf\u00f3rmate!\",\"potentialAction\":[{\"@type\":\"SearchAction\",\"target\":{\"@type\":\"EntryPoint\",\"urlTemplate\":\"https:\\\/\\\/luciadegaia.com\\\/ca\\\/?s={search_term_string}\"},\"query-input\":{\"@type\":\"PropertyValueSpecification\",\"valueRequired\":true,\"valueName\":\"search_term_string\"}}],\"inLanguage\":\"ca\"}]}<\/script>\n<!-- \/ Yoast SEO plugin. -->","yoast_head_json":{"title":"Osteopatia a Viladecans | Luc\u00eda De Gaia","description":"Busques especialistes en osteopatia a Viladecans? S\u00f3c una oste\u00f2pata titulada amb 20 anys d'experi\u00e8ncia en tractaments manuals. Truca'm i informa-te'n!","robots":{"index":"index","follow":"follow","max-snippet":"max-snippet:-1","max-image-preview":"max-image-preview:large","max-video-preview":"max-video-preview:-1"},"canonical":"https:\/\/luciadegaia.com\/ca\/tractaments\/","og_locale":"ca_ES","og_type":"article","og_title":"Osteopatia a Viladecans | Luc\u00eda De Gaia","og_description":"Busques especialistes en osteopatia a Viladecans? S\u00f3c una oste\u00f2pata titulada amb 20 anys d'experi\u00e8ncia en tractaments manuals. Truca'm i informa-te'n!","og_url":"https:\/\/luciadegaia.com\/ca\/tractaments\/","og_site_name":"Terapeuta Viladecans | Luc\u00eda De Gaia","article_modified_time":"2026-04-22T11:27:42+00:00","twitter_card":"summary_large_image","twitter_misc":{"Temps estimat de lectura":"2 minuts"},"schema":{"@context":"https:\/\/schema.org","@graph":[{"@type":"WebPage","@id":"https:\/\/luciadegaia.com\/ca\/tractaments\/","url":"https:\/\/luciadegaia.com\/ca\/tractaments\/","name":"Osteopatia a Viladecans | Luc\u00eda De Gaia","isPartOf":{"@id":"https:\/\/luciadegaia.com\/ca\/#website"},"datePublished":"2026-04-14T09:02:24+00:00","dateModified":"2026-04-22T11:27:42+00:00","description":"Busques especialistes en osteopatia a Viladecans? S\u00f3c una oste\u00f2pata titulada amb 20 anys d'experi\u00e8ncia en tractaments manuals. Truca'm i informa-te'n!","breadcrumb":{"@id":"https:\/\/luciadegaia.com\/ca\/tractaments\/#breadcrumb"},"inLanguage":"ca","potentialAction":[{"@type":"ReadAction","target":["https:\/\/luciadegaia.com\/ca\/tractaments\/"]}]},{"@type":"BreadcrumbList","@id":"https:\/\/luciadegaia.com\/ca\/tractaments\/#breadcrumb","itemListElement":[{"@type":"ListItem","position":1,"name":"Portada","item":"https:\/\/luciadegaia.com\/ca\/"},{"@type":"ListItem","position":2,"name":"Tractaments"}]},{"@type":"WebSite","@id":"https:\/\/luciadegaia.com\/ca\/#website","url":"https:\/\/luciadegaia.com\/ca\/","name":"Terapeuta Viladecans | Luc\u00eda De Gaia","description":"\u00bfBuscas terapeuta en Viladecans? \u00a1Puedo ayudarte! Soy Luc\u00eda Santamar\u00eda y llevo m\u00e1s de dos d\u00e9cadas aplicando terapias manuales focalizadas. \u00a1Cont\u00e1ctame e inf\u00f3rmate!","potentialAction":[{"@type":"SearchAction","target":{"@type":"EntryPoint","urlTemplate":"https:\/\/luciadegaia.com\/ca\/?s={search_term_string}"},"query-input":{"@type":"PropertyValueSpecification","valueRequired":true,"valueName":"search_term_string"}}],"inLanguage":"ca"}]}},"_links":{"self":[{"href":"https:\/\/luciadegaia.com\/ca\/wp-json\/wp\/v2\/pages\/350","targetHints":{"allow":["GET"]}}],"collection":[{"href":"https:\/\/luciadegaia.com\/ca\/wp-json\/wp\/v2\/pages"}],"about":[{"href":"https:\/\/luciadegaia.com\/ca\/wp-json\/wp\/v2\/types\/page"}],"author":[{"embeddable":true,"href":"https:\/\/luciadegaia.com\/ca\/wp-json\/wp\/v2\/users\/1"}],"replies":[{"embeddable":true,"href":"https:\/\/luciadegaia.com\/ca\/wp-json\/wp\/v2\/comments?post=350"}],"version-history":[{"count":1,"href":"https:\/\/luciadegaia.com\/ca\/wp-json\/wp\/v2\/pages\/350\/revisions"}],"predecessor-version":[{"id":355,"href":"https:\/\/luciadegaia.com\/ca\/wp-json\/wp\/v2\/pages\/350\/revisions\/355"}],"wp:attachment":[{"href":"https:\/\/luciadegaia.com\/ca\/wp-json\/wp\/v2\/media?parent=350"}],"curies":[{"name":"wp","href":"https:\/\/api.w.org\/{rel}","templated":true}]}}