{"id":348,"date":"2026-04-13T17:37:26","date_gmt":"2026-04-13T15:37:26","guid":{"rendered":"https:\/\/luciadegaia.com\/politica-de-privacitat\/"},"modified":"2026-04-22T13:27:42","modified_gmt":"2026-04-22T11:27:42","slug":"politica-de-privacitat","status":"publish","type":"page","link":"https:\/\/luciadegaia.com\/ca\/politica-de-privacitat\/","title":{"rendered":"Pol\u00edtica de privacitat"},"content":{"rendered":"<div class=\"container my-3\">\n<h1 class=\"fs-5 border-bottom pb-2\">POL\u00cdTICA DE PRIVACIDAD<\/h1>\n<b>POL\u00cdTICA DE PRIVACIDAD<\/b><br\/><br\/><b>Art.1 Reglas de confidencialidad<\/b><br\/>El reglamento general de protecci\u00f3n de datos de 27 de abril de 2016 (\u00ab RGPD \u00bb en adelante GDPR, que significa el General Data Protection Regulation) se aplica desde el 25 de mayo de 2018. Impone reglas y condiciones estrictas para las empresas, dentro del \u00e1mbito del procesamiento de datos personales de sus clientes y prospectos, y esto con el fin de proteger su privacidad.<br\/><br\/>Por ese motivo pretendemos proporcionarle informaci\u00f3n clara y precisa sobre el procesamiento de sus datos personales.<br\/><br\/><b>Art.2 El responsable del tratamiento<\/b><br\/>El responsable del tratamiento de sus datos personales es la persona a cargo del sitio web que utiliz\u00f3 y al que le comunic\u00f3 los datos.<br\/><br\/><b>Art.3 Base legal del tratamiento de datos y de su utilizaci\u00f3n<\/b><br\/>S\u00f3lo podemos utilizar sus datos personales para fines leg\u00edtimos y necesarios (Art\u00edculo 6 de la GDPR): Esto significa en la pr\u00e1ctica que procesamos sus datos personales, ya sea en formato electr\u00f3nico o no, para fines leg\u00edtimos en el contexto de la relaci\u00f3n contractual, comercial y de seguridad. Estos prop\u00f3sitos incluyen, entre otros, los siguientes :\n<ul class=\"wp-block-list\">\n<li>Comunicaci\u00f3 d\u2019informaci\u00f3, ofertes i prospecci\u00f3;<\/li>\n<li>Comunicacions relacionades amb l\u2019execuci\u00f3 d\u2019un contracte;<\/li>\n<\/ul>\n<b>Art.4 Que representa un dato personal<\/b><br\/>Los datos personales incluyen toda la informaci\u00f3n que le concierne y sobre la base de la cual puede ser identificado. Los datos an\u00f3nimos, que no lo identifican, no se consideran datos personales. Sus datos personales pueden, por lo tanto, incluir :\n<ul>\n<li>Dades relacionades amb la teva identitat (cognoms, nom, adre\u00e7a, NIF, etc.);<\/li>\n<li>Dades relacionades amb la teva persona (n\u00famero de tel\u00e8fon, correu electr\u00f2nic personal, etc.);<\/li>\n<li>Dades financeres (n\u00famero de compte bancari, dades de facturaci\u00f3, etc.);<\/li>\n<li>Dades relacionades amb l\u2019execuci\u00f3 del contracte formalitzat amb nosaltres (objecte del contracte, adre\u00e7a de facturaci\u00f3, dades professionals, etc.);<\/li>\n<li>Dades relacionades amb l\u2019\u00fas d\u2019equips electr\u00f2nics, com ara ordinadors (contrasenya, dades de registre, dades d\u2019identificaci\u00f3 electr\u00f2nica, dades de facturaci\u00f3, etc.);<\/li>\n<\/ul>\nDatos de car\u00e1cter sensible :<br\/>El procesamiento de datos personales que revelan origen racial o \u00e9tnico, opiniones pol\u00edticas, creencias religiosas o filos\u00f3ficas, as\u00ed como el procesamiento de datos gen\u00e9ticos, datos biom\u00e9tricos con el fin de identificar de forma \u00fanica a una persona f\u00edsica, datos sobre la vida sexual u orientaci\u00f3n sexual de una persona f\u00edsica est\u00e1n prohibidos. Estamos comprometidos a cumplir estrictamente con esta prohibici\u00f3n.<br\/><br\/><center><b>\u00bfC\u00f3mo usamos su informaci\u00f3n?<br\/>\u00bfCon qui\u00e9n compartimos su informaci\u00f3n?<\/b><\/center><br\/><b>Art.5 Fuente y origen de los datos a car\u00e1cter personal<\/b><br\/>Normalmente, los datos que tenemos provienen de usted.<br\/>Si no tiene la intenci\u00f3n de proporcionar la informaci\u00f3n requerida o necesaria, puede perder el beneficio de ciertas ventajas y\/o podemos decidir terminar los servicios que tenemos con usted.<br\/><br\/><b>Art.6 Acceso a los datos a car\u00e1cter personal<\/b><br\/>Sus datos son principalmente para uso interno. Por ciertos motivos leg\u00edtimos, sus datos personales pueden ser divulgados o incluso procesados por terceros. Sin embargo, aseguraremos el cumplimiento de las normas GDPR por parte de nuestros subcontratistas. El procesamiento de datos por parte de estos \u00faltimo se rige por un marco legal estricto.<br\/><br\/><b>Art.7 Duraci\u00f3n de conservaci\u00f3n de los datos<\/b><br\/>Ponemos los medios necesarios para garantizar que la retenci\u00f3n de datos personales para los fines descritos anteriormente no exceda los per\u00edodos legales.<br\/><br\/><b>Art.8 \u00bfCu\u00e1les son sus derechos?<\/b><br\/>Nos comprometemos a tomar las medidas t\u00e9cnicas y organizativas apropiadas para garantizar la seguridad del procesamiento de los datos personales de cada uno (Art\u00edculo 32 de la GDPR).\n<ul>\n<li>Dret d\u2019acc\u00e9s (article 15 del GDPR)<\/li>\n<\/ul>\nOtorgamos a todos el derecho de acceder a sus propios datos personales y el derecho de obtener o hacer una copia razonable de los mismos.\n<ul>\n<li>Dret de rectificaci\u00f3 (article 16 del GDPR)<\/li>\n<\/ul>\nReconocemos la posibilidad de solicitar la rectificaci\u00f3n de datos err\u00f3neos.\n<ul>\n<li>Dret a l\u2019oblit (article 17 del GDPR) i dret a la limitaci\u00f3 del tractament (article 18 del GDPR)<\/li>\n<\/ul>\nNos comprometemos a otorgarle la eliminaci\u00f3n de sus datos personales, particularmente en los siguientes casos :\n<ul>\n<li>Dades que ja no s\u00f3n necess\u00e0ries per a les finalitats per a les quals van ser recollides o tractades<\/li>\n<li>T\u2019oposes al tractament<\/li>\n<li>Les dades personals han estat objecte d\u2019un tractament il\u00b7legal<\/li>\n<li>Dret a presentar una reclamaci\u00f3 (article 77 del GDPR)<\/li>\n<\/ul>\nEl cliente tiene derecho a presentar una reclamaci\u00f3n ante la Agencia Espa\u00f1ola de Protecci\u00f3n de Datos, en cualquier momento si considera que el procesamiento de sus datos personales constituye una violaci\u00f3n de GDPR.<br\/><br\/><b>Art.9. Nuestro compromiso<\/b><br\/>Nuestro objetivo es implementar procesos de seguridad para proteger los datos almacenados contra el acceso no autorizado, el uso indebido, la manipulaci\u00f3n, la destrucci\u00f3n ilegal o accidental y la p\u00e9rdida accidental.<br\/><br\/><b>Art.10. Procedimiento en caso de violaci\u00f3n<\/b><br\/>Siempre cabe la posibilidad de que los datos personales procesados en el contexto de la relaci\u00f3n contractual caigan en manos equivocadas como resultado de error humano, error inform\u00e1tico, etc.<br\/>Cuando la violaci\u00f3n suponga un alto riesgo para los derechos y libertades de las personas, le informaremos inmediatamente sobre los hechos y las medidas consideradas. Nos aseguraremos de que se notifique a la Agencia Espa\u00f1ola de Protecci\u00f3n de Datos dentro de las 72 horas posteriores a la notificaci\u00f3n de la violaci\u00f3n en cuesti\u00f3n, a menos que la violaci\u00f3n no suponga un alto riesgo para los derechos y libertades de las personas. (Art\u00edculo 32-34 del GDPR).<br\/><br\/>Su aceptaci\u00f3n :<br\/><br\/><b>Art. 11. Consentimiento<\/b><br\/>Usted da su consentimiento expreso e inequ\u00edvoco para el procesamiento de datos personales seg\u00fan se describe en esta Pol\u00edtica de Privacidad. Usted tiene el derecho de retirar su consentimiento en cualquier momento previa solicitud por escrito. Nos reservamos el derecho de modificar esta Pol\u00edtica de Privacidad.<\/div>\n<p>\u00a0<\/p>","protected":false},"excerpt":{"rendered":"<p>POL\u00cdTICA DE PRIVACIDAD POL\u00cdTICA DE PRIVACIDAD Art.1 Reglas de confidencialidadEl reglamento general de protecci\u00f3n de datos de 27 de abril de 2016 (\u00ab RGPD \u00bb en adelante GDPR, que significa el General Data Protection Regulation) se aplica desde el 25 de mayo de 2018. Impone reglas y condiciones estrictas para las empresas, dentro del \u00e1mbito [&hellip;]<\/p>\n","protected":false},"author":1,"featured_media":0,"parent":0,"menu_order":0,"comment_status":"closed","ping_status":"open","template":"","meta":{"footnotes":""},"class_list":["post-348","page","type-page","status-publish","hentry"],"yoast_head":"<!-- This site is optimized with the Yoast SEO plugin v27.4 - https:\/\/yoast.com\/product\/yoast-seo-wordpress\/ -->\n<title>Pol\u00edtica de privacitat - Terapeuta Viladecans | Luc\u00eda De Gaia<\/title>\n<meta name=\"robots\" content=\"index, follow, max-snippet:-1, max-image-preview:large, max-video-preview:-1\" \/>\n<link rel=\"canonical\" href=\"https:\/\/luciadegaia.com\/ca\/politica-de-privacitat\/\" \/>\n<meta property=\"og:locale\" content=\"ca_ES\" \/>\n<meta property=\"og:type\" content=\"article\" \/>\n<meta property=\"og:title\" content=\"Pol\u00edtica de privacitat - Terapeuta Viladecans | Luc\u00eda De Gaia\" \/>\n<meta property=\"og:description\" content=\"POL\u00cdTICA DE PRIVACIDAD POL\u00cdTICA DE PRIVACIDAD Art.1 Reglas de confidencialidadEl reglamento general de protecci\u00f3n de datos de 27 de abril de 2016 (\u00ab RGPD \u00bb en adelante GDPR, que significa el General Data Protection Regulation) se aplica desde el 25 de mayo de 2018. Impone reglas y condiciones estrictas para las empresas, dentro del \u00e1mbito [&hellip;]\" \/>\n<meta property=\"og:url\" content=\"https:\/\/luciadegaia.com\/ca\/politica-de-privacitat\/\" \/>\n<meta property=\"og:site_name\" content=\"Terapeuta Viladecans | Luc\u00eda De Gaia\" \/>\n<meta property=\"article:modified_time\" content=\"2026-04-22T11:27:42+00:00\" \/>\n<meta name=\"twitter:card\" content=\"summary_large_image\" \/>\n<meta name=\"twitter:label1\" content=\"Temps estimat de lectura\" \/>\n\t<meta name=\"twitter:data1\" content=\"5 minuts\" \/>\n<script type=\"application\/ld+json\" class=\"yoast-schema-graph\">{\"@context\":\"https:\\\/\\\/schema.org\",\"@graph\":[{\"@type\":\"WebPage\",\"@id\":\"https:\\\/\\\/luciadegaia.com\\\/ca\\\/politica-de-privacitat\\\/\",\"url\":\"https:\\\/\\\/luciadegaia.com\\\/ca\\\/politica-de-privacitat\\\/\",\"name\":\"Pol\u00edtica de privacitat - Terapeuta Viladecans | Luc\u00eda De Gaia\",\"isPartOf\":{\"@id\":\"https:\\\/\\\/luciadegaia.com\\\/ca\\\/#website\"},\"datePublished\":\"2026-04-13T15:37:26+00:00\",\"dateModified\":\"2026-04-22T11:27:42+00:00\",\"breadcrumb\":{\"@id\":\"https:\\\/\\\/luciadegaia.com\\\/ca\\\/politica-de-privacitat\\\/#breadcrumb\"},\"inLanguage\":\"ca\",\"potentialAction\":[{\"@type\":\"ReadAction\",\"target\":[\"https:\\\/\\\/luciadegaia.com\\\/ca\\\/politica-de-privacitat\\\/\"]}]},{\"@type\":\"BreadcrumbList\",\"@id\":\"https:\\\/\\\/luciadegaia.com\\\/ca\\\/politica-de-privacitat\\\/#breadcrumb\",\"itemListElement\":[{\"@type\":\"ListItem\",\"position\":1,\"name\":\"Portada\",\"item\":\"https:\\\/\\\/luciadegaia.com\\\/ca\\\/\"},{\"@type\":\"ListItem\",\"position\":2,\"name\":\"Pol\u00edtica de privacitat\"}]},{\"@type\":\"WebSite\",\"@id\":\"https:\\\/\\\/luciadegaia.com\\\/ca\\\/#website\",\"url\":\"https:\\\/\\\/luciadegaia.com\\\/ca\\\/\",\"name\":\"Terapeuta Viladecans | Luc\u00eda De Gaia\",\"description\":\"\u00bfBuscas terapeuta en Viladecans? \u00a1Puedo ayudarte! Soy Luc\u00eda Santamar\u00eda y llevo m\u00e1s de dos d\u00e9cadas aplicando terapias manuales focalizadas. \u00a1Cont\u00e1ctame e inf\u00f3rmate!\",\"potentialAction\":[{\"@type\":\"SearchAction\",\"target\":{\"@type\":\"EntryPoint\",\"urlTemplate\":\"https:\\\/\\\/luciadegaia.com\\\/ca\\\/?s={search_term_string}\"},\"query-input\":{\"@type\":\"PropertyValueSpecification\",\"valueRequired\":true,\"valueName\":\"search_term_string\"}}],\"inLanguage\":\"ca\"}]}<\/script>\n<!-- \/ Yoast SEO plugin. -->","yoast_head_json":{"title":"Pol\u00edtica de privacitat - Terapeuta Viladecans | Luc\u00eda De Gaia","robots":{"index":"index","follow":"follow","max-snippet":"max-snippet:-1","max-image-preview":"max-image-preview:large","max-video-preview":"max-video-preview:-1"},"canonical":"https:\/\/luciadegaia.com\/ca\/politica-de-privacitat\/","og_locale":"ca_ES","og_type":"article","og_title":"Pol\u00edtica de privacitat - Terapeuta Viladecans | Luc\u00eda De Gaia","og_description":"POL\u00cdTICA DE PRIVACIDAD POL\u00cdTICA DE PRIVACIDAD Art.1 Reglas de confidencialidadEl reglamento general de protecci\u00f3n de datos de 27 de abril de 2016 (\u00ab RGPD \u00bb en adelante GDPR, que significa el General Data Protection Regulation) se aplica desde el 25 de mayo de 2018. Impone reglas y condiciones estrictas para las empresas, dentro del \u00e1mbito [&hellip;]","og_url":"https:\/\/luciadegaia.com\/ca\/politica-de-privacitat\/","og_site_name":"Terapeuta Viladecans | Luc\u00eda De Gaia","article_modified_time":"2026-04-22T11:27:42+00:00","twitter_card":"summary_large_image","twitter_misc":{"Temps estimat de lectura":"5 minuts"},"schema":{"@context":"https:\/\/schema.org","@graph":[{"@type":"WebPage","@id":"https:\/\/luciadegaia.com\/ca\/politica-de-privacitat\/","url":"https:\/\/luciadegaia.com\/ca\/politica-de-privacitat\/","name":"Pol\u00edtica de privacitat - Terapeuta Viladecans | Luc\u00eda De Gaia","isPartOf":{"@id":"https:\/\/luciadegaia.com\/ca\/#website"},"datePublished":"2026-04-13T15:37:26+00:00","dateModified":"2026-04-22T11:27:42+00:00","breadcrumb":{"@id":"https:\/\/luciadegaia.com\/ca\/politica-de-privacitat\/#breadcrumb"},"inLanguage":"ca","potentialAction":[{"@type":"ReadAction","target":["https:\/\/luciadegaia.com\/ca\/politica-de-privacitat\/"]}]},{"@type":"BreadcrumbList","@id":"https:\/\/luciadegaia.com\/ca\/politica-de-privacitat\/#breadcrumb","itemListElement":[{"@type":"ListItem","position":1,"name":"Portada","item":"https:\/\/luciadegaia.com\/ca\/"},{"@type":"ListItem","position":2,"name":"Pol\u00edtica de privacitat"}]},{"@type":"WebSite","@id":"https:\/\/luciadegaia.com\/ca\/#website","url":"https:\/\/luciadegaia.com\/ca\/","name":"Terapeuta Viladecans | Luc\u00eda De Gaia","description":"\u00bfBuscas terapeuta en Viladecans? \u00a1Puedo ayudarte! Soy Luc\u00eda Santamar\u00eda y llevo m\u00e1s de dos d\u00e9cadas aplicando terapias manuales focalizadas. \u00a1Cont\u00e1ctame e inf\u00f3rmate!","potentialAction":[{"@type":"SearchAction","target":{"@type":"EntryPoint","urlTemplate":"https:\/\/luciadegaia.com\/ca\/?s={search_term_string}"},"query-input":{"@type":"PropertyValueSpecification","valueRequired":true,"valueName":"search_term_string"}}],"inLanguage":"ca"}]}},"_links":{"self":[{"href":"https:\/\/luciadegaia.com\/ca\/wp-json\/wp\/v2\/pages\/348","targetHints":{"allow":["GET"]}}],"collection":[{"href":"https:\/\/luciadegaia.com\/ca\/wp-json\/wp\/v2\/pages"}],"about":[{"href":"https:\/\/luciadegaia.com\/ca\/wp-json\/wp\/v2\/types\/page"}],"author":[{"embeddable":true,"href":"https:\/\/luciadegaia.com\/ca\/wp-json\/wp\/v2\/users\/1"}],"replies":[{"embeddable":true,"href":"https:\/\/luciadegaia.com\/ca\/wp-json\/wp\/v2\/comments?post=348"}],"version-history":[{"count":1,"href":"https:\/\/luciadegaia.com\/ca\/wp-json\/wp\/v2\/pages\/348\/revisions"}],"predecessor-version":[{"id":349,"href":"https:\/\/luciadegaia.com\/ca\/wp-json\/wp\/v2\/pages\/348\/revisions\/349"}],"wp:attachment":[{"href":"https:\/\/luciadegaia.com\/ca\/wp-json\/wp\/v2\/media?parent=348"}],"curies":[{"name":"wp","href":"https:\/\/api.w.org\/{rel}","templated":true}]}}