{"id":344,"date":"2026-04-14T11:07:46","date_gmt":"2026-04-14T09:07:46","guid":{"rendered":"https:\/\/luciadegaia.com\/tractaments-online\/"},"modified":"2026-04-22T16:13:30","modified_gmt":"2026-04-22T14:13:30","slug":"tractaments-online","status":"publish","type":"page","link":"https:\/\/luciadegaia.com\/ca\/tractaments-online\/","title":{"rendered":"Tractaments Online"},"content":{"rendered":"Realizo sesiones de osteopat\u00eda online<h2 class=\"wp-block-heading\">M\u00e0xima flexibilitat<\/h2>Podemos programar tus sesiones en un <strong>amplio horario de lunes a domingo<\/strong>, cuando a ti te venga bien y tengamos hueco los dos. Mientras que el pago puede ser por m\u00faltiples v\u00edas, incluyendo Bizum.Si buscas tratamientos online de osteopat\u00eda no dudes en confiar en una profesional con formaci\u00f3n y m\u00e1s de dos d\u00e9cadas de experiencia. \u00a1<strong>Cont\u00e1ctame<\/strong> y estar\u00e1s dando el primer paso b\u00e1sico para mejorar tu vida!<h2 class=\"wp-block-heading\"><span style=\"color: #ffffff;\">Tractament de sobrec\u00e0rrega muscular per a esportistes<\/span><\/h2><span style=\"color: #ffffff;\">\u00bfPracticas alg\u00fan deporte con asiduidad, pero te aparecen sobrecargas musculares que condicionan tu entrenamiento?<\/span><span style=\"color: #ffffff;\">Si es as\u00ed esta es tu secci\u00f3n, pues te puedo ense\u00f1ar a tratar esta sobrecarga de manera f\u00e1cil para que puedas aplicarlo con la constancia que tu lesi\u00f3n necesita y no con la que te permite tu tiempo y tu econom\u00eda.<\/span><span style=\"color: #ffffff;\">\u00a0Aprende a cuidar tus puntos d\u00e9biles y que nada te impida conseguir tus objetivos.<\/span><h2 class=\"wp-block-heading\">Correcci\u00f3 postural CPV:<\/h2>CPV es una t\u00e9cnica enfocada a modificar los malos h\u00e1bitos posturales que provocan lesiones, molestias y dolores. Con base a los principios de Comportamiento Postural Vital, a trav\u00e9s de una videollamada te ayudo primero a ser consciente e identificar las tensiones f\u00edsicas que padeces, y despu\u00e9s a aplicar las herramientas necesarias para eliminarlas.Posteriormente te dise\u00f1o programas personalizados de ejercicios, enfocados a conseguir mantener la postura correcta fortaleciendo la musculatura\u00a0 acostumbrada a estar en malas posiciones. Estos ejercicios los realizaremos juntos mediante videollamada varias veces a la semana, en el horario que m\u00e1s te convenga. En estas sesiones te ir\u00e9 dirigiendo y corrigiendo para mejorar.Adem\u00e1s, este trabajo en la higiene postural no solo tiene un \u00f3ptimo efecto en la eliminaci\u00f3n de dolencias, sino que tambi\u00e9n contribuye a mejorar tu rendimiento f\u00edsico.Si quieres mejorar tu control postural no dudes en contar con una experta en CPV. \u00a1Cont\u00e1ctame y pide hora para ser atendido por video llamada y comprobar\u00e1s todos los beneficios de cambiar los malos h\u00e1bitos en tu postura corporal!<h1 class=\"wp-block-heading\">Busques tractaments online d&#8217;osteopatia?<\/h1>Si est\u00e1s buscando <strong>tratamientos online de osteopat\u00eda<\/strong>, estar\u00e9 encantada de poder ayudarte en tu bienestar est\u00e9s donde est\u00e9s, mediante sesiones que te permitir\u00e1n poner remedio a tus dolencias, y que est\u00e1n especialmente dise\u00f1adas para hacerse de manera telem\u00e1tica por video llamada. \u00a1No dejes pasar la oportunidad de aprender del tratamiento online para mejorar tu calidad de vida! \u00a1Podr\u00e1s tratarte en el horario que mejor te venga sin salir de casa!<h2 class=\"wp-block-heading\"><span style=\"color: #3d5577;\">Autotractament assistit:<\/span><\/h2>Todas las situaciones nos aportan algo positivo. En el confinamiento por COVID 19 del a\u00f1o 2020, aprend\u00ed que es posible aplicar mi trabajo de oste\u00f3pata de forma online por videollamada con fant\u00e1sticos resultados: Utilizamos tus manos sobre tu zona a tratar siguiendo mis indicaciones, y nos ayudamos de otros elementos como rodillos, pelotas, toallas etc.Desde entonces he perfeccionado la t\u00e9cnica de autotratamiento asistido para poder hacerla accesible a m\u00e1s personas. Est\u00e1 dirigida a t\u00ed que por cualquier motivo no puedes acceder a una consulta de terapia. Podr\u00e1s ser tratado desde cualquier lugar con internet y con un amplio horario, todos los d\u00edas de la semana.Pide tu cita previa en la que te realizar\u00e9 una entrevista para conocer tu dolencia y en la que concretaremos una sesi\u00f3n por videollamada.","protected":false},"excerpt":{"rendered":"<p>Realizo sesiones de osteopat\u00eda online M\u00e0xima flexibilitat Podemos programar tus sesiones en un amplio horario de lunes a domingo, cuando a ti te venga bien y tengamos hueco los dos. Mientras que el pago puede ser por m\u00faltiples v\u00edas, incluyendo Bizum.Si buscas tratamientos online de osteopat\u00eda no dudes en confiar en una profesional con formaci\u00f3n [&hellip;]<\/p>\n","protected":false},"author":1,"featured_media":0,"parent":0,"menu_order":0,"comment_status":"closed","ping_status":"closed","template":"","meta":{"footnotes":""},"class_list":["post-344","page","type-page","status-publish","hentry"],"yoast_head":"<!-- This site is optimized with the Yoast SEO plugin v27.4 - https:\/\/yoast.com\/product\/yoast-seo-wordpress\/ -->\n<title>Tractaments online d&#039;osteopatia | Luc\u00eda De Gaia<\/title>\n<meta name=\"description\" content=\"Busques tractaments online d&#039;osteopatia? Estar\u00e9 encantada de poder ajudar-te en el teu benestar estiguis on estiguis. No deixis passar l&#039;oportunitat i millora la teva qualitat de vida!\" \/>\n<meta name=\"robots\" content=\"index, follow, max-snippet:-1, max-image-preview:large, max-video-preview:-1\" \/>\n<link rel=\"canonical\" href=\"https:\/\/luciadegaia.com\/ca\/tractaments-online\/\" \/>\n<meta property=\"og:locale\" content=\"ca_ES\" \/>\n<meta property=\"og:type\" content=\"article\" \/>\n<meta property=\"og:title\" content=\"Tractaments online d&#039;osteopatia | Luc\u00eda De Gaia\" \/>\n<meta property=\"og:description\" content=\"Busques tractaments online d&#039;osteopatia? Estar\u00e9 encantada de poder ajudar-te en el teu benestar estiguis on estiguis. No deixis passar l&#039;oportunitat i millora la teva qualitat de vida!\" \/>\n<meta property=\"og:url\" content=\"https:\/\/luciadegaia.com\/ca\/tractaments-online\/\" \/>\n<meta property=\"og:site_name\" content=\"Terapeuta Viladecans | Luc\u00eda De Gaia\" \/>\n<meta property=\"article:modified_time\" content=\"2026-04-22T14:13:30+00:00\" \/>\n<meta name=\"twitter:card\" content=\"summary_large_image\" \/>\n<meta name=\"twitter:label1\" content=\"Temps estimat de lectura\" \/>\n\t<meta name=\"twitter:data1\" content=\"3 minuts\" \/>\n<script type=\"application\/ld+json\" class=\"yoast-schema-graph\">{\"@context\":\"https:\\\/\\\/schema.org\",\"@graph\":[{\"@type\":\"WebPage\",\"@id\":\"https:\\\/\\\/luciadegaia.com\\\/ca\\\/tractaments-online\\\/\",\"url\":\"https:\\\/\\\/luciadegaia.com\\\/ca\\\/tractaments-online\\\/\",\"name\":\"Tractaments online d'osteopatia | Luc\u00eda De Gaia\",\"isPartOf\":{\"@id\":\"https:\\\/\\\/luciadegaia.com\\\/ca\\\/#website\"},\"datePublished\":\"2026-04-14T09:07:46+00:00\",\"dateModified\":\"2026-04-22T14:13:30+00:00\",\"description\":\"Busques tractaments online d'osteopatia? Estar\u00e9 encantada de poder ajudar-te en el teu benestar estiguis on estiguis. No deixis passar l'oportunitat i millora la teva qualitat de vida!\",\"breadcrumb\":{\"@id\":\"https:\\\/\\\/luciadegaia.com\\\/ca\\\/tractaments-online\\\/#breadcrumb\"},\"inLanguage\":\"ca\",\"potentialAction\":[{\"@type\":\"ReadAction\",\"target\":[\"https:\\\/\\\/luciadegaia.com\\\/ca\\\/tractaments-online\\\/\"]}]},{\"@type\":\"BreadcrumbList\",\"@id\":\"https:\\\/\\\/luciadegaia.com\\\/ca\\\/tractaments-online\\\/#breadcrumb\",\"itemListElement\":[{\"@type\":\"ListItem\",\"position\":1,\"name\":\"Portada\",\"item\":\"https:\\\/\\\/luciadegaia.com\\\/ca\\\/\"},{\"@type\":\"ListItem\",\"position\":2,\"name\":\"Tractaments Online\"}]},{\"@type\":\"WebSite\",\"@id\":\"https:\\\/\\\/luciadegaia.com\\\/ca\\\/#website\",\"url\":\"https:\\\/\\\/luciadegaia.com\\\/ca\\\/\",\"name\":\"Terapeuta Viladecans | Luc\u00eda De Gaia\",\"description\":\"\u00bfBuscas terapeuta en Viladecans? \u00a1Puedo ayudarte! Soy Luc\u00eda Santamar\u00eda y llevo m\u00e1s de dos d\u00e9cadas aplicando terapias manuales focalizadas. \u00a1Cont\u00e1ctame e inf\u00f3rmate!\",\"potentialAction\":[{\"@type\":\"SearchAction\",\"target\":{\"@type\":\"EntryPoint\",\"urlTemplate\":\"https:\\\/\\\/luciadegaia.com\\\/ca\\\/?s={search_term_string}\"},\"query-input\":{\"@type\":\"PropertyValueSpecification\",\"valueRequired\":true,\"valueName\":\"search_term_string\"}}],\"inLanguage\":\"ca\"}]}<\/script>\n<!-- \/ Yoast SEO plugin. -->","yoast_head_json":{"title":"Tractaments online d'osteopatia | Luc\u00eda De Gaia","description":"Busques tractaments online d'osteopatia? Estar\u00e9 encantada de poder ajudar-te en el teu benestar estiguis on estiguis. No deixis passar l'oportunitat i millora la teva qualitat de vida!","robots":{"index":"index","follow":"follow","max-snippet":"max-snippet:-1","max-image-preview":"max-image-preview:large","max-video-preview":"max-video-preview:-1"},"canonical":"https:\/\/luciadegaia.com\/ca\/tractaments-online\/","og_locale":"ca_ES","og_type":"article","og_title":"Tractaments online d'osteopatia | Luc\u00eda De Gaia","og_description":"Busques tractaments online d'osteopatia? Estar\u00e9 encantada de poder ajudar-te en el teu benestar estiguis on estiguis. No deixis passar l'oportunitat i millora la teva qualitat de vida!","og_url":"https:\/\/luciadegaia.com\/ca\/tractaments-online\/","og_site_name":"Terapeuta Viladecans | Luc\u00eda De Gaia","article_modified_time":"2026-04-22T14:13:30+00:00","twitter_card":"summary_large_image","twitter_misc":{"Temps estimat de lectura":"3 minuts"},"schema":{"@context":"https:\/\/schema.org","@graph":[{"@type":"WebPage","@id":"https:\/\/luciadegaia.com\/ca\/tractaments-online\/","url":"https:\/\/luciadegaia.com\/ca\/tractaments-online\/","name":"Tractaments online d'osteopatia | Luc\u00eda De Gaia","isPartOf":{"@id":"https:\/\/luciadegaia.com\/ca\/#website"},"datePublished":"2026-04-14T09:07:46+00:00","dateModified":"2026-04-22T14:13:30+00:00","description":"Busques tractaments online d'osteopatia? Estar\u00e9 encantada de poder ajudar-te en el teu benestar estiguis on estiguis. No deixis passar l'oportunitat i millora la teva qualitat de vida!","breadcrumb":{"@id":"https:\/\/luciadegaia.com\/ca\/tractaments-online\/#breadcrumb"},"inLanguage":"ca","potentialAction":[{"@type":"ReadAction","target":["https:\/\/luciadegaia.com\/ca\/tractaments-online\/"]}]},{"@type":"BreadcrumbList","@id":"https:\/\/luciadegaia.com\/ca\/tractaments-online\/#breadcrumb","itemListElement":[{"@type":"ListItem","position":1,"name":"Portada","item":"https:\/\/luciadegaia.com\/ca\/"},{"@type":"ListItem","position":2,"name":"Tractaments Online"}]},{"@type":"WebSite","@id":"https:\/\/luciadegaia.com\/ca\/#website","url":"https:\/\/luciadegaia.com\/ca\/","name":"Terapeuta Viladecans | Luc\u00eda De Gaia","description":"\u00bfBuscas terapeuta en Viladecans? \u00a1Puedo ayudarte! Soy Luc\u00eda Santamar\u00eda y llevo m\u00e1s de dos d\u00e9cadas aplicando terapias manuales focalizadas. \u00a1Cont\u00e1ctame e inf\u00f3rmate!","potentialAction":[{"@type":"SearchAction","target":{"@type":"EntryPoint","urlTemplate":"https:\/\/luciadegaia.com\/ca\/?s={search_term_string}"},"query-input":{"@type":"PropertyValueSpecification","valueRequired":true,"valueName":"search_term_string"}}],"inLanguage":"ca"}]}},"_links":{"self":[{"href":"https:\/\/luciadegaia.com\/ca\/wp-json\/wp\/v2\/pages\/344","targetHints":{"allow":["GET"]}}],"collection":[{"href":"https:\/\/luciadegaia.com\/ca\/wp-json\/wp\/v2\/pages"}],"about":[{"href":"https:\/\/luciadegaia.com\/ca\/wp-json\/wp\/v2\/types\/page"}],"author":[{"embeddable":true,"href":"https:\/\/luciadegaia.com\/ca\/wp-json\/wp\/v2\/users\/1"}],"replies":[{"embeddable":true,"href":"https:\/\/luciadegaia.com\/ca\/wp-json\/wp\/v2\/comments?post=344"}],"version-history":[{"count":1,"href":"https:\/\/luciadegaia.com\/ca\/wp-json\/wp\/v2\/pages\/344\/revisions"}],"predecessor-version":[{"id":347,"href":"https:\/\/luciadegaia.com\/ca\/wp-json\/wp\/v2\/pages\/344\/revisions\/347"}],"wp:attachment":[{"href":"https:\/\/luciadegaia.com\/ca\/wp-json\/wp\/v2\/media?parent=344"}],"curies":[{"name":"wp","href":"https:\/\/api.w.org\/{rel}","templated":true}]}}