{"id":341,"date":"2026-04-14T11:04:31","date_gmt":"2026-04-14T09:04:31","guid":{"rendered":"https:\/\/luciadegaia.com\/comportament-postural-vital\/"},"modified":"2026-04-22T15:53:36","modified_gmt":"2026-04-22T13:53:36","slug":"comportament-postural-vital","status":"publish","type":"page","link":"https:\/\/luciadegaia.com\/ca\/comportament-postural-vital\/","title":{"rendered":"Comportament Postural Vital"},"content":{"rendered":"Conoce los beneficios de la t\u00e9cnica CPV<h1 class=\"wp-block-heading\">T\u2019ajudo a millorar la teva higiene postural<\/h1>\u00bfBuscas especialistas en <strong>higiene postural en Viladecans<\/strong>? Como experta en la t\u00e9cnica de Comportamiento Postural Vital (CPV) puedo ayudarte a localizar y corregir los malos h\u00e1bitos posturales que puedas tener, para reducir dolores y molestias, disminuir el cansancio y tener m\u00e1s vitalidad. Mis sesiones duran una hora. \u00a1Ll\u00e1mame y te explicar\u00e9 con m\u00e1s detalle todos los beneficios de mejorar tu postura corporal!<h2 class=\"wp-block-heading\">Entrenaments CPV<\/h2>Tambi\u00e9n realizo entrenamientos CPV, enfocados a personas que les cuesta mantener la postura correcta dado que su musculatura est\u00e1 acostumbrada a la posici\u00f3n incorrecta. Mediante los ejercicios adecuados se puede solucionar este problema, estirando los m\u00fasculos atrofiados y tonificando los debilitados. Para ello, dise\u00f1o <strong>programas personalizados<\/strong> con ejercicios espec\u00edficos que ayudan a modelar el cuerpo y a mantener la postura correcta, durante sesiones de una hora de duraci\u00f3n.Si quieres mejorar tu control postural no dudes en contar con una experta en CPV. \u00a1<strong>Cont\u00e1ctame<\/strong> y pide cita para venir a mi consulta en Viladecans!<h2 class=\"wp-block-heading\">Quins s\u00f3n els objectius del CPV?<\/h2>La t\u00e9cnica de Comportamiento Postural Vital que aplico en mi consulta en Viladecans se <strong>enfoca en<\/strong>:Ayudarte a detectar donde se originan las tensiones f\u00edsicas que sientes en tu anatom\u00eda, y dotarte de herramientas para eliminarlas, corrigiendo posturas, h\u00e1bitos perniciosos y sus pensamientos asociados.Ense\u00f1arte a cuidar tu higiene postural para potenciar el rendimiento corporal y a ganar en vitalidad.Mostrarte c\u00f3mo estar presente y consciente de cada momento, as\u00ed como a responsabilizarte de tu salud vital.Concienciarte sobre lo esencial que es tener buenos h\u00e1bitos, como comer bien, hacer ejercicio y ante todo querer ser feliz.Adem\u00e1s, el CPV es un complemento del tratamiento osteop\u00e1tico, ya que el <strong>control postural<\/strong> evita los factores que causan las lesiones. \u00a1Cont\u00e1ctame y te ayudar\u00e9 a mejorar tu postura!","protected":false},"excerpt":{"rendered":"<p>Conoce los beneficios de la t\u00e9cnica CPV T\u2019ajudo a millorar la teva higiene postural \u00bfBuscas especialistas en higiene postural en Viladecans? Como experta en la t\u00e9cnica de Comportamiento Postural Vital (CPV) puedo ayudarte a localizar y corregir los malos h\u00e1bitos posturales que puedas tener, para reducir dolores y molestias, disminuir el cansancio y tener m\u00e1s [&hellip;]<\/p>\n","protected":false},"author":1,"featured_media":0,"parent":0,"menu_order":0,"comment_status":"closed","ping_status":"closed","template":"","meta":{"footnotes":""},"class_list":["post-341","page","type-page","status-publish","hentry"],"yoast_head":"<!-- This site is optimized with the Yoast SEO plugin v27.4 - https:\/\/yoast.com\/product\/yoast-seo-wordpress\/ -->\n<title>Higiene postural Viladecans | Luc\u00eda De Gaia<\/title>\n<meta name=\"description\" content=\"Busques especialistes en higiene postural a Viladecans? Truca\u2019m i t\u2019explicar\u00e9 amb m\u00e9s detall tots els beneficis de millorar la teva postura corporal!\" \/>\n<meta name=\"robots\" content=\"index, follow, max-snippet:-1, max-image-preview:large, max-video-preview:-1\" \/>\n<link rel=\"canonical\" href=\"https:\/\/luciadegaia.com\/ca\/comportament-postural-vital\/\" \/>\n<meta property=\"og:locale\" content=\"ca_ES\" \/>\n<meta property=\"og:type\" content=\"article\" \/>\n<meta property=\"og:title\" content=\"Higiene postural Viladecans | Luc\u00eda De Gaia\" \/>\n<meta property=\"og:description\" content=\"Busques especialistes en higiene postural a Viladecans? Truca\u2019m i t\u2019explicar\u00e9 amb m\u00e9s detall tots els beneficis de millorar la teva postura corporal!\" \/>\n<meta property=\"og:url\" content=\"https:\/\/luciadegaia.com\/ca\/comportament-postural-vital\/\" \/>\n<meta property=\"og:site_name\" content=\"Terapeuta Viladecans | Luc\u00eda De Gaia\" \/>\n<meta property=\"article:modified_time\" content=\"2026-04-22T13:53:36+00:00\" \/>\n<meta name=\"twitter:card\" content=\"summary_large_image\" \/>\n<meta name=\"twitter:label1\" content=\"Temps estimat de lectura\" \/>\n\t<meta name=\"twitter:data1\" content=\"2 minuts\" \/>\n<script type=\"application\/ld+json\" class=\"yoast-schema-graph\">{\"@context\":\"https:\\\/\\\/schema.org\",\"@graph\":[{\"@type\":\"WebPage\",\"@id\":\"https:\\\/\\\/luciadegaia.com\\\/ca\\\/comportament-postural-vital\\\/\",\"url\":\"https:\\\/\\\/luciadegaia.com\\\/ca\\\/comportament-postural-vital\\\/\",\"name\":\"Higiene postural Viladecans | Luc\u00eda De Gaia\",\"isPartOf\":{\"@id\":\"https:\\\/\\\/luciadegaia.com\\\/ca\\\/#website\"},\"datePublished\":\"2026-04-14T09:04:31+00:00\",\"dateModified\":\"2026-04-22T13:53:36+00:00\",\"description\":\"Busques especialistes en higiene postural a Viladecans? Truca\u2019m i t\u2019explicar\u00e9 amb m\u00e9s detall tots els beneficis de millorar la teva postura corporal!\",\"breadcrumb\":{\"@id\":\"https:\\\/\\\/luciadegaia.com\\\/ca\\\/comportament-postural-vital\\\/#breadcrumb\"},\"inLanguage\":\"ca\",\"potentialAction\":[{\"@type\":\"ReadAction\",\"target\":[\"https:\\\/\\\/luciadegaia.com\\\/ca\\\/comportament-postural-vital\\\/\"]}]},{\"@type\":\"BreadcrumbList\",\"@id\":\"https:\\\/\\\/luciadegaia.com\\\/ca\\\/comportament-postural-vital\\\/#breadcrumb\",\"itemListElement\":[{\"@type\":\"ListItem\",\"position\":1,\"name\":\"Portada\",\"item\":\"https:\\\/\\\/luciadegaia.com\\\/ca\\\/\"},{\"@type\":\"ListItem\",\"position\":2,\"name\":\"Comportament Postural Vital\"}]},{\"@type\":\"WebSite\",\"@id\":\"https:\\\/\\\/luciadegaia.com\\\/ca\\\/#website\",\"url\":\"https:\\\/\\\/luciadegaia.com\\\/ca\\\/\",\"name\":\"Terapeuta Viladecans | Luc\u00eda De Gaia\",\"description\":\"\u00bfBuscas terapeuta en Viladecans? \u00a1Puedo ayudarte! Soy Luc\u00eda Santamar\u00eda y llevo m\u00e1s de dos d\u00e9cadas aplicando terapias manuales focalizadas. \u00a1Cont\u00e1ctame e inf\u00f3rmate!\",\"potentialAction\":[{\"@type\":\"SearchAction\",\"target\":{\"@type\":\"EntryPoint\",\"urlTemplate\":\"https:\\\/\\\/luciadegaia.com\\\/ca\\\/?s={search_term_string}\"},\"query-input\":{\"@type\":\"PropertyValueSpecification\",\"valueRequired\":true,\"valueName\":\"search_term_string\"}}],\"inLanguage\":\"ca\"}]}<\/script>\n<!-- \/ Yoast SEO plugin. -->","yoast_head_json":{"title":"Higiene postural Viladecans | Luc\u00eda De Gaia","description":"Busques especialistes en higiene postural a Viladecans? Truca\u2019m i t\u2019explicar\u00e9 amb m\u00e9s detall tots els beneficis de millorar la teva postura corporal!","robots":{"index":"index","follow":"follow","max-snippet":"max-snippet:-1","max-image-preview":"max-image-preview:large","max-video-preview":"max-video-preview:-1"},"canonical":"https:\/\/luciadegaia.com\/ca\/comportament-postural-vital\/","og_locale":"ca_ES","og_type":"article","og_title":"Higiene postural Viladecans | Luc\u00eda De Gaia","og_description":"Busques especialistes en higiene postural a Viladecans? Truca\u2019m i t\u2019explicar\u00e9 amb m\u00e9s detall tots els beneficis de millorar la teva postura corporal!","og_url":"https:\/\/luciadegaia.com\/ca\/comportament-postural-vital\/","og_site_name":"Terapeuta Viladecans | Luc\u00eda De Gaia","article_modified_time":"2026-04-22T13:53:36+00:00","twitter_card":"summary_large_image","twitter_misc":{"Temps estimat de lectura":"2 minuts"},"schema":{"@context":"https:\/\/schema.org","@graph":[{"@type":"WebPage","@id":"https:\/\/luciadegaia.com\/ca\/comportament-postural-vital\/","url":"https:\/\/luciadegaia.com\/ca\/comportament-postural-vital\/","name":"Higiene postural Viladecans | Luc\u00eda De Gaia","isPartOf":{"@id":"https:\/\/luciadegaia.com\/ca\/#website"},"datePublished":"2026-04-14T09:04:31+00:00","dateModified":"2026-04-22T13:53:36+00:00","description":"Busques especialistes en higiene postural a Viladecans? Truca\u2019m i t\u2019explicar\u00e9 amb m\u00e9s detall tots els beneficis de millorar la teva postura corporal!","breadcrumb":{"@id":"https:\/\/luciadegaia.com\/ca\/comportament-postural-vital\/#breadcrumb"},"inLanguage":"ca","potentialAction":[{"@type":"ReadAction","target":["https:\/\/luciadegaia.com\/ca\/comportament-postural-vital\/"]}]},{"@type":"BreadcrumbList","@id":"https:\/\/luciadegaia.com\/ca\/comportament-postural-vital\/#breadcrumb","itemListElement":[{"@type":"ListItem","position":1,"name":"Portada","item":"https:\/\/luciadegaia.com\/ca\/"},{"@type":"ListItem","position":2,"name":"Comportament Postural Vital"}]},{"@type":"WebSite","@id":"https:\/\/luciadegaia.com\/ca\/#website","url":"https:\/\/luciadegaia.com\/ca\/","name":"Terapeuta Viladecans | Luc\u00eda De Gaia","description":"\u00bfBuscas terapeuta en Viladecans? \u00a1Puedo ayudarte! Soy Luc\u00eda Santamar\u00eda y llevo m\u00e1s de dos d\u00e9cadas aplicando terapias manuales focalizadas. \u00a1Cont\u00e1ctame e inf\u00f3rmate!","potentialAction":[{"@type":"SearchAction","target":{"@type":"EntryPoint","urlTemplate":"https:\/\/luciadegaia.com\/ca\/?s={search_term_string}"},"query-input":{"@type":"PropertyValueSpecification","valueRequired":true,"valueName":"search_term_string"}}],"inLanguage":"ca"}]}},"_links":{"self":[{"href":"https:\/\/luciadegaia.com\/ca\/wp-json\/wp\/v2\/pages\/341","targetHints":{"allow":["GET"]}}],"collection":[{"href":"https:\/\/luciadegaia.com\/ca\/wp-json\/wp\/v2\/pages"}],"about":[{"href":"https:\/\/luciadegaia.com\/ca\/wp-json\/wp\/v2\/types\/page"}],"author":[{"embeddable":true,"href":"https:\/\/luciadegaia.com\/ca\/wp-json\/wp\/v2\/users\/1"}],"replies":[{"embeddable":true,"href":"https:\/\/luciadegaia.com\/ca\/wp-json\/wp\/v2\/comments?post=341"}],"version-history":[{"count":1,"href":"https:\/\/luciadegaia.com\/ca\/wp-json\/wp\/v2\/pages\/341\/revisions"}],"predecessor-version":[{"id":343,"href":"https:\/\/luciadegaia.com\/ca\/wp-json\/wp\/v2\/pages\/341\/revisions\/343"}],"wp:attachment":[{"href":"https:\/\/luciadegaia.com\/ca\/wp-json\/wp\/v2\/media?parent=341"}],"curies":[{"name":"wp","href":"https:\/\/api.w.org\/{rel}","templated":true}]}}