{"id":337,"date":"2026-04-14T11:03:16","date_gmt":"2026-04-14T09:03:16","guid":{"rendered":"https:\/\/luciadegaia.com\/osteopatia\/"},"modified":"2026-04-22T15:17:50","modified_gmt":"2026-04-22T13:17:50","slug":"osteopatia","status":"publish","type":"page","link":"https:\/\/luciadegaia.com\/ca\/osteopatia\/","title":{"rendered":"Osteopatia"},"content":{"rendered":"Conoce mis tratamientos de osteopat\u00eda<h2 class=\"wp-block-heading\">Altres ter\u00e0pies<\/h2>As\u00ed mismo, tambi\u00e9n realizo:<strong>Taping Neuro Muscular (TNM)<\/strong>: consiste en la aplicaci\u00f3n de un vendaje de algod\u00f3n el\u00e1stico.<strong>Aromaterapia<\/strong>: Es complementario\u00a0en tratamientos CPV.Si quieres beneficiarte de todos los efectos de los tratamientos de osteopat\u00eda no dudes en confiar en una <strong>oste\u00f3pata<\/strong> que ha ayudado a infinidad de personas en Viladecans. \u00a1Cont\u00e1ctame, estar\u00e9 encantada de atenderte!<h2 class=\"wp-block-heading\">Tractaments osteop\u00e0tics<\/h2>En mi consulta en Viladecans realizo sesiones de:<strong>Osteopat\u00eda estructural<\/strong>: esta t\u00e9cnica se enfoca en el tratamiento de dolencias musculares o articulares provocadas por desgaste o traumas. Aunque tambi\u00e9n se aplica en procesos postoperatorios as\u00ed como para la mejora y el mantenimiento m\u00fasculo-articular. Adem\u00e1s, va igualmente genial a la hora de tratar migra\u00f1as y v\u00e9rtigos provocados por tensiones acumuladas en mand\u00edbula, cervicales, etc.<strong>Osteopat\u00eda craneal<\/strong>: por su suavidad es una t\u00e9cnica ideal para tratar a ni\u00f1os sin que padezcan ninguna molestia. Est\u00e1 indicada para tratar dolores de cabeza, migra\u00f1as o v\u00e9rtigos, alteraciones del sue\u00f1o, problemas de visi\u00f3n, audici\u00f3n y sinusitis, bruxismo y dificultades respiratorias.\u00a0Es un tratamiento que nos ayuda a controlar la ansiedad y el estr\u00e9s.<strong>Osteopat\u00eda visceral<\/strong>: con este tratamiento regulamos la movilidad de los \u00f3rganos para mejorar la manera en la que funcionan, actuando en nuestros sistemas vitales como el endocrino, reproductor, digestivo, renal, circulatorio o respiratorio.<strong>Osteopat\u00eda infantil<\/strong>: est\u00e1 especialmente indicada para reci\u00e9n nacidos, ya que esta t\u00e9cnica les ayuda a relajarse y reducir tensiones, sobre todo si se trata de beb\u00e9s prematuros, o provenientes de partos m\u00faltiples, muy largos o hayan precisado la asistencia de f\u00f3rceps, ces\u00e1reas, etc.La duraci\u00f3n de todas estas sesiones es de <strong>una hora.<\/strong>\u00a0\u00a1Cont\u00e1ctame para elegir tu tratamiento y pedir cita para la primera sesi\u00f3n!<h1 class=\"wp-block-heading\">Abarco totes les modalitats d\u2019osteopatia<\/h1>\u00bfBuscas profesionales que realicen sesiones de<strong> osteopat\u00eda en Viladecans<\/strong>? Yo soy una oste\u00f3pata titulada que acumula m\u00e1s de 20 a\u00f1os de dedicaci\u00f3n realizando tratamientos con esta t\u00e9cnica. Adem\u00e1s, abordo todos los tipos de osteopat\u00eda: estructural, craneal, visceral e infantil, en sesiones de una hora que tienen unos precios muy asequibles. Y tambi\u00e9n, aplico otras terapias como el Taping Neuromuscular y la Aromaterapia. \u00a1Ll\u00e1mame, cu\u00e9ntame tu problema y evaluaremos el tratamiento que ir\u00eda mejor para ti!","protected":false},"excerpt":{"rendered":"<p>Conoce mis tratamientos de osteopat\u00eda Altres ter\u00e0pies As\u00ed mismo, tambi\u00e9n realizo:Taping Neuro Muscular (TNM): consiste en la aplicaci\u00f3n de un vendaje de algod\u00f3n el\u00e1stico.Aromaterapia: Es complementario\u00a0en tratamientos CPV.Si quieres beneficiarte de todos los efectos de los tratamientos de osteopat\u00eda no dudes en confiar en una oste\u00f3pata que ha ayudado a infinidad de personas en Viladecans. [&hellip;]<\/p>\n","protected":false},"author":1,"featured_media":0,"parent":0,"menu_order":0,"comment_status":"closed","ping_status":"closed","template":"","meta":{"footnotes":""},"class_list":["post-337","page","type-page","status-publish","hentry"],"yoast_head":"<!-- This site is optimized with the Yoast SEO plugin v27.4 - https:\/\/yoast.com\/product\/yoast-seo-wordpress\/ -->\n<title>Osteopatia Viladecans | Luc\u00eda De Gaia<\/title>\n<meta name=\"description\" content=\"Busques professionals que facin sessions d\u2019osteopatia a Viladecans? Truca\u2019m, explica\u2019m el teu problema i valorarem el tractament que et vagi millor!\" \/>\n<meta name=\"robots\" content=\"index, follow, max-snippet:-1, max-image-preview:large, max-video-preview:-1\" \/>\n<link rel=\"canonical\" href=\"https:\/\/luciadegaia.com\/ca\/osteopatia\/\" \/>\n<meta property=\"og:locale\" content=\"ca_ES\" \/>\n<meta property=\"og:type\" content=\"article\" \/>\n<meta property=\"og:title\" content=\"Osteopatia Viladecans | Luc\u00eda De Gaia\" \/>\n<meta property=\"og:description\" content=\"Busques professionals que facin sessions d\u2019osteopatia a Viladecans? Truca\u2019m, explica\u2019m el teu problema i valorarem el tractament que et vagi millor!\" \/>\n<meta property=\"og:url\" content=\"https:\/\/luciadegaia.com\/ca\/osteopatia\/\" \/>\n<meta property=\"og:site_name\" content=\"Terapeuta Viladecans | Luc\u00eda De Gaia\" \/>\n<meta property=\"article:modified_time\" content=\"2026-04-22T13:17:50+00:00\" \/>\n<meta name=\"twitter:card\" content=\"summary_large_image\" \/>\n<meta name=\"twitter:label1\" content=\"Temps estimat de lectura\" \/>\n\t<meta name=\"twitter:data1\" content=\"2 minuts\" \/>\n<script type=\"application\/ld+json\" class=\"yoast-schema-graph\">{\"@context\":\"https:\\\/\\\/schema.org\",\"@graph\":[{\"@type\":\"WebPage\",\"@id\":\"https:\\\/\\\/luciadegaia.com\\\/ca\\\/osteopatia\\\/\",\"url\":\"https:\\\/\\\/luciadegaia.com\\\/ca\\\/osteopatia\\\/\",\"name\":\"Osteopatia Viladecans | Luc\u00eda De Gaia\",\"isPartOf\":{\"@id\":\"https:\\\/\\\/luciadegaia.com\\\/ca\\\/#website\"},\"datePublished\":\"2026-04-14T09:03:16+00:00\",\"dateModified\":\"2026-04-22T13:17:50+00:00\",\"description\":\"Busques professionals que facin sessions d\u2019osteopatia a Viladecans? Truca\u2019m, explica\u2019m el teu problema i valorarem el tractament que et vagi millor!\",\"breadcrumb\":{\"@id\":\"https:\\\/\\\/luciadegaia.com\\\/ca\\\/osteopatia\\\/#breadcrumb\"},\"inLanguage\":\"ca\",\"potentialAction\":[{\"@type\":\"ReadAction\",\"target\":[\"https:\\\/\\\/luciadegaia.com\\\/ca\\\/osteopatia\\\/\"]}]},{\"@type\":\"BreadcrumbList\",\"@id\":\"https:\\\/\\\/luciadegaia.com\\\/ca\\\/osteopatia\\\/#breadcrumb\",\"itemListElement\":[{\"@type\":\"ListItem\",\"position\":1,\"name\":\"Portada\",\"item\":\"https:\\\/\\\/luciadegaia.com\\\/ca\\\/\"},{\"@type\":\"ListItem\",\"position\":2,\"name\":\"Osteopatia\"}]},{\"@type\":\"WebSite\",\"@id\":\"https:\\\/\\\/luciadegaia.com\\\/ca\\\/#website\",\"url\":\"https:\\\/\\\/luciadegaia.com\\\/ca\\\/\",\"name\":\"Terapeuta Viladecans | Luc\u00eda De Gaia\",\"description\":\"\u00bfBuscas terapeuta en Viladecans? \u00a1Puedo ayudarte! Soy Luc\u00eda Santamar\u00eda y llevo m\u00e1s de dos d\u00e9cadas aplicando terapias manuales focalizadas. \u00a1Cont\u00e1ctame e inf\u00f3rmate!\",\"potentialAction\":[{\"@type\":\"SearchAction\",\"target\":{\"@type\":\"EntryPoint\",\"urlTemplate\":\"https:\\\/\\\/luciadegaia.com\\\/ca\\\/?s={search_term_string}\"},\"query-input\":{\"@type\":\"PropertyValueSpecification\",\"valueRequired\":true,\"valueName\":\"search_term_string\"}}],\"inLanguage\":\"ca\"}]}<\/script>\n<!-- \/ Yoast SEO plugin. -->","yoast_head_json":{"title":"Osteopatia Viladecans | Luc\u00eda De Gaia","description":"Busques professionals que facin sessions d\u2019osteopatia a Viladecans? Truca\u2019m, explica\u2019m el teu problema i valorarem el tractament que et vagi millor!","robots":{"index":"index","follow":"follow","max-snippet":"max-snippet:-1","max-image-preview":"max-image-preview:large","max-video-preview":"max-video-preview:-1"},"canonical":"https:\/\/luciadegaia.com\/ca\/osteopatia\/","og_locale":"ca_ES","og_type":"article","og_title":"Osteopatia Viladecans | Luc\u00eda De Gaia","og_description":"Busques professionals que facin sessions d\u2019osteopatia a Viladecans? Truca\u2019m, explica\u2019m el teu problema i valorarem el tractament que et vagi millor!","og_url":"https:\/\/luciadegaia.com\/ca\/osteopatia\/","og_site_name":"Terapeuta Viladecans | Luc\u00eda De Gaia","article_modified_time":"2026-04-22T13:17:50+00:00","twitter_card":"summary_large_image","twitter_misc":{"Temps estimat de lectura":"2 minuts"},"schema":{"@context":"https:\/\/schema.org","@graph":[{"@type":"WebPage","@id":"https:\/\/luciadegaia.com\/ca\/osteopatia\/","url":"https:\/\/luciadegaia.com\/ca\/osteopatia\/","name":"Osteopatia Viladecans | Luc\u00eda De Gaia","isPartOf":{"@id":"https:\/\/luciadegaia.com\/ca\/#website"},"datePublished":"2026-04-14T09:03:16+00:00","dateModified":"2026-04-22T13:17:50+00:00","description":"Busques professionals que facin sessions d\u2019osteopatia a Viladecans? Truca\u2019m, explica\u2019m el teu problema i valorarem el tractament que et vagi millor!","breadcrumb":{"@id":"https:\/\/luciadegaia.com\/ca\/osteopatia\/#breadcrumb"},"inLanguage":"ca","potentialAction":[{"@type":"ReadAction","target":["https:\/\/luciadegaia.com\/ca\/osteopatia\/"]}]},{"@type":"BreadcrumbList","@id":"https:\/\/luciadegaia.com\/ca\/osteopatia\/#breadcrumb","itemListElement":[{"@type":"ListItem","position":1,"name":"Portada","item":"https:\/\/luciadegaia.com\/ca\/"},{"@type":"ListItem","position":2,"name":"Osteopatia"}]},{"@type":"WebSite","@id":"https:\/\/luciadegaia.com\/ca\/#website","url":"https:\/\/luciadegaia.com\/ca\/","name":"Terapeuta Viladecans | Luc\u00eda De Gaia","description":"\u00bfBuscas terapeuta en Viladecans? \u00a1Puedo ayudarte! Soy Luc\u00eda Santamar\u00eda y llevo m\u00e1s de dos d\u00e9cadas aplicando terapias manuales focalizadas. \u00a1Cont\u00e1ctame e inf\u00f3rmate!","potentialAction":[{"@type":"SearchAction","target":{"@type":"EntryPoint","urlTemplate":"https:\/\/luciadegaia.com\/ca\/?s={search_term_string}"},"query-input":{"@type":"PropertyValueSpecification","valueRequired":true,"valueName":"search_term_string"}}],"inLanguage":"ca"}]}},"_links":{"self":[{"href":"https:\/\/luciadegaia.com\/ca\/wp-json\/wp\/v2\/pages\/337","targetHints":{"allow":["GET"]}}],"collection":[{"href":"https:\/\/luciadegaia.com\/ca\/wp-json\/wp\/v2\/pages"}],"about":[{"href":"https:\/\/luciadegaia.com\/ca\/wp-json\/wp\/v2\/types\/page"}],"author":[{"embeddable":true,"href":"https:\/\/luciadegaia.com\/ca\/wp-json\/wp\/v2\/users\/1"}],"replies":[{"embeddable":true,"href":"https:\/\/luciadegaia.com\/ca\/wp-json\/wp\/v2\/comments?post=337"}],"version-history":[{"count":3,"href":"https:\/\/luciadegaia.com\/ca\/wp-json\/wp\/v2\/pages\/337\/revisions"}],"predecessor-version":[{"id":399,"href":"https:\/\/luciadegaia.com\/ca\/wp-json\/wp\/v2\/pages\/337\/revisions\/399"}],"wp:attachment":[{"href":"https:\/\/luciadegaia.com\/ca\/wp-json\/wp\/v2\/media?parent=337"}],"curies":[{"name":"wp","href":"https:\/\/api.w.org\/{rel}","templated":true}]}}