{"id":329,"date":"2026-04-14T11:09:11","date_gmt":"2026-04-14T09:09:11","guid":{"rendered":"https:\/\/luciadegaia.com\/contacte\/"},"modified":"2026-04-22T13:42:44","modified_gmt":"2026-04-22T11:42:44","slug":"contacte","status":"publish","type":"page","link":"https:\/\/luciadegaia.com\/ca\/contacte\/","title":{"rendered":"Contacte"},"content":{"rendered":"ContactoPide informaci\u00f3nAQU\u00cd<figure class=\"wp-block-image size-full\"><img decoding=\"async\" src=\"https:\/\/luciadegaia.com\/wp-content\/uploads\/2026\/04\/ico-map.svg\" alt=\"Icona\" class=\"wp-image-216\"\/><\/figure><span style=\"color: #3d5577;\"><strong>Direcci\u00f3n: <\/strong><br\/><span style=\"color: #000000;\">Carrer de Sant Isidre, 5, piso 1\u00ba, 1\u00ba,\u00a0 08840 \u2013 Viladecans, Barcelona <\/span><\/span><figure class=\"wp-block-image size-full\"><img decoding=\"async\" src=\"https:\/\/luciadegaia.com\/wp-content\/uploads\/2026\/04\/ico-phone.svg\" alt=\"Icona\" class=\"wp-image-218\"\/><\/figure><span style=\"color: #3d5577;\"> <strong>Tel\u00e9fono:<\/strong><br\/> <a style=\"color: #3d5577;\" tabindex=\"-1\" href=\"tel:+34676058903\"> 676 05 89 03<br\/> <\/a><a style=\"color: #3d5577;\" tabindex=\"-1\" href=\"https:\/\/wa.me\/34676058903\"> WhatsApp<br\/> <\/a><\/span><figure class=\"wp-block-image size-full\"><img decoding=\"async\" src=\"https:\/\/luciadegaia.com\/wp-content\/uploads\/2026\/04\/ico-mail.svg\" alt=\"Icona\" class=\"wp-image-217\"\/><\/figure><span style=\"color: #3d5577;\"> <strong>Correo:<\/strong> <\/span> <br\/> <a tabindex=\"-1\" href=\"mailto:luciadegaia@gmail.com\" target=\"_blank\"><span style=\"color: #000000;\"> luciadegaia@gmail.com<\/span><br\/> <\/a><figure class=\"wp-block-image size-full\"><img decoding=\"async\" src=\"https:\/\/luciadegaia.com\/wp-content\/uploads\/2026\/04\/ico-horario.svg\" alt=\"Icona\" class=\"wp-image-220\"\/><\/figure><span style=\"color: #3d5577;\"><strong>Horario:<\/strong><br\/> <span style=\"color: #000000;\">Lunes a Viernes: 9:00 a 19:00 <\/span><\/span><h1 class=\"wp-block-heading\">Contacta amb Luc\u00edadeGaia!<\/h1>Si buscas una terapia manual de calidad, <strong>contacta con Luc\u00edadeGaia<\/strong>. Con m\u00e1s de 20 a\u00f1os de experiencia en terapias manuales, su objetivo es mejorar la calidad de vida de las personas. Si deseas una vida m\u00e1s saludable y feliz, no dudes y da el paso.","protected":false},"excerpt":{"rendered":"<p>ContactoPide informaci\u00f3nAQU\u00cdDirecci\u00f3n: Carrer de Sant Isidre, 5, piso 1\u00ba, 1\u00ba,\u00a0 08840 \u2013 Viladecans, Barcelona Tel\u00e9fono: 676 05 89 03 WhatsApp Correo: luciadegaia@gmail.com Horario: Lunes a Viernes: 9:00 a 19:00 Contacta amb Luc\u00edadeGaia! Si buscas una terapia manual de calidad, contacta con Luc\u00edadeGaia. Con m\u00e1s de 20 a\u00f1os de experiencia en terapias manuales, su objetivo es [&hellip;]<\/p>\n","protected":false},"author":1,"featured_media":0,"parent":0,"menu_order":0,"comment_status":"closed","ping_status":"closed","template":"","meta":{"footnotes":""},"class_list":["post-329","page","type-page","status-publish","hentry"],"yoast_head":"<!-- This site is optimized with the Yoast SEO plugin v27.4 - https:\/\/yoast.com\/product\/yoast-seo-wordpress\/ -->\n<title>Contacta amb Luc\u00edadeGaia<\/title>\n<meta name=\"description\" content=\"Si busques una ter\u00e0pia manual de qualitat, contacta amb Luc\u00edadeGaia. T&#039;ajudar\u00e9 a assolir una vida m\u00e9s saludable i feli\u00e7!\" \/>\n<meta name=\"robots\" content=\"index, follow, max-snippet:-1, max-image-preview:large, max-video-preview:-1\" \/>\n<link rel=\"canonical\" href=\"https:\/\/luciadegaia.com\/ca\/contacte\/\" \/>\n<meta property=\"og:locale\" content=\"ca_ES\" \/>\n<meta property=\"og:type\" content=\"article\" \/>\n<meta property=\"og:title\" content=\"Contacta amb Luc\u00edadeGaia\" \/>\n<meta property=\"og:description\" content=\"Si busques una ter\u00e0pia manual de qualitat, contacta amb Luc\u00edadeGaia. T&#039;ajudar\u00e9 a assolir una vida m\u00e9s saludable i feli\u00e7!\" \/>\n<meta property=\"og:url\" content=\"https:\/\/luciadegaia.com\/ca\/contacte\/\" \/>\n<meta property=\"og:site_name\" content=\"Terapeuta Viladecans | Luc\u00eda De Gaia\" \/>\n<meta property=\"article:modified_time\" content=\"2026-04-22T11:42:44+00:00\" \/>\n<meta name=\"twitter:card\" content=\"summary_large_image\" \/>\n<script type=\"application\/ld+json\" class=\"yoast-schema-graph\">{\"@context\":\"https:\\\/\\\/schema.org\",\"@graph\":[{\"@type\":\"WebPage\",\"@id\":\"https:\\\/\\\/luciadegaia.com\\\/ca\\\/contacte\\\/\",\"url\":\"https:\\\/\\\/luciadegaia.com\\\/ca\\\/contacte\\\/\",\"name\":\"Contacta amb Luc\u00edadeGaia\",\"isPartOf\":{\"@id\":\"https:\\\/\\\/luciadegaia.com\\\/ca\\\/#website\"},\"primaryImageOfPage\":{\"@id\":\"https:\\\/\\\/luciadegaia.com\\\/ca\\\/contacte\\\/#primaryimage\"},\"image\":{\"@id\":\"https:\\\/\\\/luciadegaia.com\\\/ca\\\/contacte\\\/#primaryimage\"},\"thumbnailUrl\":\"https:\\\/\\\/luciadegaia.com\\\/wp-content\\\/uploads\\\/2026\\\/04\\\/ico-map.svg\",\"datePublished\":\"2026-04-14T09:09:11+00:00\",\"dateModified\":\"2026-04-22T11:42:44+00:00\",\"description\":\"Si busques una ter\u00e0pia manual de qualitat, contacta amb Luc\u00edadeGaia. T'ajudar\u00e9 a assolir una vida m\u00e9s saludable i feli\u00e7!\",\"breadcrumb\":{\"@id\":\"https:\\\/\\\/luciadegaia.com\\\/ca\\\/contacte\\\/#breadcrumb\"},\"inLanguage\":\"ca\",\"potentialAction\":[{\"@type\":\"ReadAction\",\"target\":[\"https:\\\/\\\/luciadegaia.com\\\/ca\\\/contacte\\\/\"]}]},{\"@type\":\"ImageObject\",\"inLanguage\":\"ca\",\"@id\":\"https:\\\/\\\/luciadegaia.com\\\/ca\\\/contacte\\\/#primaryimage\",\"url\":\"https:\\\/\\\/luciadegaia.com\\\/wp-content\\\/uploads\\\/2026\\\/04\\\/ico-map.svg\",\"contentUrl\":\"https:\\\/\\\/luciadegaia.com\\\/wp-content\\\/uploads\\\/2026\\\/04\\\/ico-map.svg\"},{\"@type\":\"BreadcrumbList\",\"@id\":\"https:\\\/\\\/luciadegaia.com\\\/ca\\\/contacte\\\/#breadcrumb\",\"itemListElement\":[{\"@type\":\"ListItem\",\"position\":1,\"name\":\"Portada\",\"item\":\"https:\\\/\\\/luciadegaia.com\\\/ca\\\/\"},{\"@type\":\"ListItem\",\"position\":2,\"name\":\"Contacte\"}]},{\"@type\":\"WebSite\",\"@id\":\"https:\\\/\\\/luciadegaia.com\\\/ca\\\/#website\",\"url\":\"https:\\\/\\\/luciadegaia.com\\\/ca\\\/\",\"name\":\"Terapeuta Viladecans | Luc\u00eda De Gaia\",\"description\":\"\u00bfBuscas terapeuta en Viladecans? \u00a1Puedo ayudarte! Soy Luc\u00eda Santamar\u00eda y llevo m\u00e1s de dos d\u00e9cadas aplicando terapias manuales focalizadas. \u00a1Cont\u00e1ctame e inf\u00f3rmate!\",\"potentialAction\":[{\"@type\":\"SearchAction\",\"target\":{\"@type\":\"EntryPoint\",\"urlTemplate\":\"https:\\\/\\\/luciadegaia.com\\\/ca\\\/?s={search_term_string}\"},\"query-input\":{\"@type\":\"PropertyValueSpecification\",\"valueRequired\":true,\"valueName\":\"search_term_string\"}}],\"inLanguage\":\"ca\"}]}<\/script>\n<!-- \/ Yoast SEO plugin. -->","yoast_head_json":{"title":"Contacta amb Luc\u00edadeGaia","description":"Si busques una ter\u00e0pia manual de qualitat, contacta amb Luc\u00edadeGaia. T'ajudar\u00e9 a assolir una vida m\u00e9s saludable i feli\u00e7!","robots":{"index":"index","follow":"follow","max-snippet":"max-snippet:-1","max-image-preview":"max-image-preview:large","max-video-preview":"max-video-preview:-1"},"canonical":"https:\/\/luciadegaia.com\/ca\/contacte\/","og_locale":"ca_ES","og_type":"article","og_title":"Contacta amb Luc\u00edadeGaia","og_description":"Si busques una ter\u00e0pia manual de qualitat, contacta amb Luc\u00edadeGaia. T'ajudar\u00e9 a assolir una vida m\u00e9s saludable i feli\u00e7!","og_url":"https:\/\/luciadegaia.com\/ca\/contacte\/","og_site_name":"Terapeuta Viladecans | Luc\u00eda De Gaia","article_modified_time":"2026-04-22T11:42:44+00:00","twitter_card":"summary_large_image","schema":{"@context":"https:\/\/schema.org","@graph":[{"@type":"WebPage","@id":"https:\/\/luciadegaia.com\/ca\/contacte\/","url":"https:\/\/luciadegaia.com\/ca\/contacte\/","name":"Contacta amb Luc\u00edadeGaia","isPartOf":{"@id":"https:\/\/luciadegaia.com\/ca\/#website"},"primaryImageOfPage":{"@id":"https:\/\/luciadegaia.com\/ca\/contacte\/#primaryimage"},"image":{"@id":"https:\/\/luciadegaia.com\/ca\/contacte\/#primaryimage"},"thumbnailUrl":"https:\/\/luciadegaia.com\/wp-content\/uploads\/2026\/04\/ico-map.svg","datePublished":"2026-04-14T09:09:11+00:00","dateModified":"2026-04-22T11:42:44+00:00","description":"Si busques una ter\u00e0pia manual de qualitat, contacta amb Luc\u00edadeGaia. T'ajudar\u00e9 a assolir una vida m\u00e9s saludable i feli\u00e7!","breadcrumb":{"@id":"https:\/\/luciadegaia.com\/ca\/contacte\/#breadcrumb"},"inLanguage":"ca","potentialAction":[{"@type":"ReadAction","target":["https:\/\/luciadegaia.com\/ca\/contacte\/"]}]},{"@type":"ImageObject","inLanguage":"ca","@id":"https:\/\/luciadegaia.com\/ca\/contacte\/#primaryimage","url":"https:\/\/luciadegaia.com\/wp-content\/uploads\/2026\/04\/ico-map.svg","contentUrl":"https:\/\/luciadegaia.com\/wp-content\/uploads\/2026\/04\/ico-map.svg"},{"@type":"BreadcrumbList","@id":"https:\/\/luciadegaia.com\/ca\/contacte\/#breadcrumb","itemListElement":[{"@type":"ListItem","position":1,"name":"Portada","item":"https:\/\/luciadegaia.com\/ca\/"},{"@type":"ListItem","position":2,"name":"Contacte"}]},{"@type":"WebSite","@id":"https:\/\/luciadegaia.com\/ca\/#website","url":"https:\/\/luciadegaia.com\/ca\/","name":"Terapeuta Viladecans | Luc\u00eda De Gaia","description":"\u00bfBuscas terapeuta en Viladecans? \u00a1Puedo ayudarte! Soy Luc\u00eda Santamar\u00eda y llevo m\u00e1s de dos d\u00e9cadas aplicando terapias manuales focalizadas. \u00a1Cont\u00e1ctame e inf\u00f3rmate!","potentialAction":[{"@type":"SearchAction","target":{"@type":"EntryPoint","urlTemplate":"https:\/\/luciadegaia.com\/ca\/?s={search_term_string}"},"query-input":{"@type":"PropertyValueSpecification","valueRequired":true,"valueName":"search_term_string"}}],"inLanguage":"ca"}]}},"_links":{"self":[{"href":"https:\/\/luciadegaia.com\/ca\/wp-json\/wp\/v2\/pages\/329","targetHints":{"allow":["GET"]}}],"collection":[{"href":"https:\/\/luciadegaia.com\/ca\/wp-json\/wp\/v2\/pages"}],"about":[{"href":"https:\/\/luciadegaia.com\/ca\/wp-json\/wp\/v2\/types\/page"}],"author":[{"embeddable":true,"href":"https:\/\/luciadegaia.com\/ca\/wp-json\/wp\/v2\/users\/1"}],"replies":[{"embeddable":true,"href":"https:\/\/luciadegaia.com\/ca\/wp-json\/wp\/v2\/comments?post=329"}],"version-history":[{"count":1,"href":"https:\/\/luciadegaia.com\/ca\/wp-json\/wp\/v2\/pages\/329\/revisions"}],"predecessor-version":[{"id":335,"href":"https:\/\/luciadegaia.com\/ca\/wp-json\/wp\/v2\/pages\/329\/revisions\/335"}],"wp:attachment":[{"href":"https:\/\/luciadegaia.com\/ca\/wp-json\/wp\/v2\/media?parent=329"}],"curies":[{"name":"wp","href":"https:\/\/api.w.org\/{rel}","templated":true}]}}