{"id":326,"date":"2026-04-14T11:08:31","date_gmt":"2026-04-14T09:08:31","guid":{"rendered":"https:\/\/luciadegaia.com\/blog\/"},"modified":"2026-04-22T13:26:49","modified_gmt":"2026-04-22T11:26:49","slug":"blog","status":"publish","type":"page","link":"https:\/\/luciadegaia.com\/ca\/blog\/","title":{"rendered":"Blog"},"content":{"rendered":"<h1 class=\"wp-block-heading\">Blog<\/h1><h2 class=\"wp-block-heading\">{post_title}<\/h2>{post_excerpt}","protected":false},"excerpt":{"rendered":"<p>Blog {post_title} {post_excerpt}<\/p>\n","protected":false},"author":1,"featured_media":0,"parent":0,"menu_order":0,"comment_status":"closed","ping_status":"closed","template":"","meta":{"footnotes":""},"class_list":["post-326","page","type-page","status-publish","hentry"],"yoast_head":"<!-- This site is optimized with the Yoast SEO plugin v27.4 - https:\/\/yoast.com\/product\/yoast-seo-wordpress\/ -->\n<title>Luc\u00eda De Gaia<\/title>\n<meta name=\"description\" content=\"Benvinguts a l&#039;espai Luc\u00eda De Gaia, el teu lloc de benestar. Un espai poc convencional, on et sentir\u00e0s a gust en el millor ambient perqu\u00e8 puguis desconnectar.\" \/>\n<meta name=\"robots\" content=\"index, follow, max-snippet:-1, max-image-preview:large, max-video-preview:-1\" \/>\n<link rel=\"canonical\" href=\"https:\/\/luciadegaia.com\/ca\/blog\/\" \/>\n<meta property=\"og:locale\" content=\"ca_ES\" \/>\n<meta property=\"og:type\" content=\"article\" \/>\n<meta property=\"og:title\" content=\"Luc\u00eda De Gaia\" \/>\n<meta property=\"og:description\" content=\"Benvinguts a l&#039;espai Luc\u00eda De Gaia, el teu lloc de benestar. Un espai poc convencional, on et sentir\u00e0s a gust en el millor ambient perqu\u00e8 puguis desconnectar.\" \/>\n<meta property=\"og:url\" content=\"https:\/\/luciadegaia.com\/ca\/blog\/\" \/>\n<meta property=\"og:site_name\" content=\"Terapeuta Viladecans | Luc\u00eda De Gaia\" \/>\n<meta property=\"article:modified_time\" content=\"2026-04-22T11:26:49+00:00\" \/>\n<meta name=\"twitter:card\" content=\"summary_large_image\" \/>\n<script type=\"application\/ld+json\" class=\"yoast-schema-graph\">{\"@context\":\"https:\\\/\\\/schema.org\",\"@graph\":[{\"@type\":\"WebPage\",\"@id\":\"https:\\\/\\\/luciadegaia.com\\\/ca\\\/blog\\\/\",\"url\":\"https:\\\/\\\/luciadegaia.com\\\/ca\\\/blog\\\/\",\"name\":\"Luc\u00eda De Gaia\",\"isPartOf\":{\"@id\":\"https:\\\/\\\/luciadegaia.com\\\/ca\\\/#website\"},\"datePublished\":\"2026-04-14T09:08:31+00:00\",\"dateModified\":\"2026-04-22T11:26:49+00:00\",\"description\":\"Benvinguts a l'espai Luc\u00eda De Gaia, el teu lloc de benestar. Un espai poc convencional, on et sentir\u00e0s a gust en el millor ambient perqu\u00e8 puguis desconnectar.\",\"breadcrumb\":{\"@id\":\"https:\\\/\\\/luciadegaia.com\\\/ca\\\/blog\\\/#breadcrumb\"},\"inLanguage\":\"ca\",\"potentialAction\":[{\"@type\":\"ReadAction\",\"target\":[\"https:\\\/\\\/luciadegaia.com\\\/ca\\\/blog\\\/\"]}]},{\"@type\":\"BreadcrumbList\",\"@id\":\"https:\\\/\\\/luciadegaia.com\\\/ca\\\/blog\\\/#breadcrumb\",\"itemListElement\":[{\"@type\":\"ListItem\",\"position\":1,\"name\":\"Portada\",\"item\":\"https:\\\/\\\/luciadegaia.com\\\/ca\\\/\"},{\"@type\":\"ListItem\",\"position\":2,\"name\":\"Blog\"}]},{\"@type\":\"WebSite\",\"@id\":\"https:\\\/\\\/luciadegaia.com\\\/ca\\\/#website\",\"url\":\"https:\\\/\\\/luciadegaia.com\\\/ca\\\/\",\"name\":\"Terapeuta Viladecans | Luc\u00eda De Gaia\",\"description\":\"\u00bfBuscas terapeuta en Viladecans? \u00a1Puedo ayudarte! Soy Luc\u00eda Santamar\u00eda y llevo m\u00e1s de dos d\u00e9cadas aplicando terapias manuales focalizadas. \u00a1Cont\u00e1ctame e inf\u00f3rmate!\",\"potentialAction\":[{\"@type\":\"SearchAction\",\"target\":{\"@type\":\"EntryPoint\",\"urlTemplate\":\"https:\\\/\\\/luciadegaia.com\\\/ca\\\/?s={search_term_string}\"},\"query-input\":{\"@type\":\"PropertyValueSpecification\",\"valueRequired\":true,\"valueName\":\"search_term_string\"}}],\"inLanguage\":\"ca\"}]}<\/script>\n<!-- \/ Yoast SEO plugin. -->","yoast_head_json":{"title":"Luc\u00eda De Gaia","description":"Benvinguts a l'espai Luc\u00eda De Gaia, el teu lloc de benestar. Un espai poc convencional, on et sentir\u00e0s a gust en el millor ambient perqu\u00e8 puguis desconnectar.","robots":{"index":"index","follow":"follow","max-snippet":"max-snippet:-1","max-image-preview":"max-image-preview:large","max-video-preview":"max-video-preview:-1"},"canonical":"https:\/\/luciadegaia.com\/ca\/blog\/","og_locale":"ca_ES","og_type":"article","og_title":"Luc\u00eda De Gaia","og_description":"Benvinguts a l'espai Luc\u00eda De Gaia, el teu lloc de benestar. Un espai poc convencional, on et sentir\u00e0s a gust en el millor ambient perqu\u00e8 puguis desconnectar.","og_url":"https:\/\/luciadegaia.com\/ca\/blog\/","og_site_name":"Terapeuta Viladecans | Luc\u00eda De Gaia","article_modified_time":"2026-04-22T11:26:49+00:00","twitter_card":"summary_large_image","schema":{"@context":"https:\/\/schema.org","@graph":[{"@type":"WebPage","@id":"https:\/\/luciadegaia.com\/ca\/blog\/","url":"https:\/\/luciadegaia.com\/ca\/blog\/","name":"Luc\u00eda De Gaia","isPartOf":{"@id":"https:\/\/luciadegaia.com\/ca\/#website"},"datePublished":"2026-04-14T09:08:31+00:00","dateModified":"2026-04-22T11:26:49+00:00","description":"Benvinguts a l'espai Luc\u00eda De Gaia, el teu lloc de benestar. Un espai poc convencional, on et sentir\u00e0s a gust en el millor ambient perqu\u00e8 puguis desconnectar.","breadcrumb":{"@id":"https:\/\/luciadegaia.com\/ca\/blog\/#breadcrumb"},"inLanguage":"ca","potentialAction":[{"@type":"ReadAction","target":["https:\/\/luciadegaia.com\/ca\/blog\/"]}]},{"@type":"BreadcrumbList","@id":"https:\/\/luciadegaia.com\/ca\/blog\/#breadcrumb","itemListElement":[{"@type":"ListItem","position":1,"name":"Portada","item":"https:\/\/luciadegaia.com\/ca\/"},{"@type":"ListItem","position":2,"name":"Blog"}]},{"@type":"WebSite","@id":"https:\/\/luciadegaia.com\/ca\/#website","url":"https:\/\/luciadegaia.com\/ca\/","name":"Terapeuta Viladecans | Luc\u00eda De Gaia","description":"\u00bfBuscas terapeuta en Viladecans? \u00a1Puedo ayudarte! Soy Luc\u00eda Santamar\u00eda y llevo m\u00e1s de dos d\u00e9cadas aplicando terapias manuales focalizadas. \u00a1Cont\u00e1ctame e inf\u00f3rmate!","potentialAction":[{"@type":"SearchAction","target":{"@type":"EntryPoint","urlTemplate":"https:\/\/luciadegaia.com\/ca\/?s={search_term_string}"},"query-input":{"@type":"PropertyValueSpecification","valueRequired":true,"valueName":"search_term_string"}}],"inLanguage":"ca"}]}},"_links":{"self":[{"href":"https:\/\/luciadegaia.com\/ca\/wp-json\/wp\/v2\/pages\/326","targetHints":{"allow":["GET"]}}],"collection":[{"href":"https:\/\/luciadegaia.com\/ca\/wp-json\/wp\/v2\/pages"}],"about":[{"href":"https:\/\/luciadegaia.com\/ca\/wp-json\/wp\/v2\/types\/page"}],"author":[{"embeddable":true,"href":"https:\/\/luciadegaia.com\/ca\/wp-json\/wp\/v2\/users\/1"}],"replies":[{"embeddable":true,"href":"https:\/\/luciadegaia.com\/ca\/wp-json\/wp\/v2\/comments?post=326"}],"version-history":[{"count":1,"href":"https:\/\/luciadegaia.com\/ca\/wp-json\/wp\/v2\/pages\/326\/revisions"}],"predecessor-version":[{"id":328,"href":"https:\/\/luciadegaia.com\/ca\/wp-json\/wp\/v2\/pages\/326\/revisions\/328"}],"wp:attachment":[{"href":"https:\/\/luciadegaia.com\/ca\/wp-json\/wp\/v2\/media?parent=326"}],"curies":[{"name":"wp","href":"https:\/\/api.w.org\/{rel}","templated":true}]}}